{"id":4,"date":"2018-07-11T11:01:30","date_gmt":"2018-07-11T11:01:30","guid":{"rendered":"https:\/\/red.maniberia.net\/tomas-mintegui-uriguen\/home\/"},"modified":"2018-07-24T12:28:01","modified_gmt":"2018-07-24T12:28:01","slug":"home","status":"publish","type":"page","link":"https:\/\/red.maniberia.net\/tomas-mintegui-uriguen\/","title":{"rendered":"Tom\u00e1s Mintegui Urig\u00fcen, S.A."},"content":{"rendered":"<p>MAN Truck &amp; Bus es uno de los fabricantes de veh\u00edculos industriales y de los proveedores de soluciones para el transporte l\u00edderes del sector en Europa. La satisfacci\u00f3n de nuestros clientes es fundamental para nosotros, por eso trabajamos desde la excelencia para ser su mejor socio y aportar la soluciones adecuadas a sus necesidades, tanto desde la venta como desde la postventa. Ofertas integrales y a medida de su negocio. Ponemos a su disposici\u00f3n a nuestro profesional equipo, que est\u00e1 en continua formaci\u00f3n. Los mejores asesores en soluciones de transporte.<\/p>\n<p><strong>Tom\u00e1s Mintegui Urig\u00fcen, S.A.<\/strong> es su MAN Truck &amp; Bus Service en la provincia de Vizcaya.<\/p>\n<p>Nuestra empresa es especialista en reparaci\u00f3n y mantenimiento de veh\u00edculos y maquinaria industrial desde 1976, habiendo sido Servicio Oficial de Vizcaya de las marcas de motores Cummins y Deutz.<\/p>\n<p>En 1990 fue nombrada Servicio Oficial de Vizcaya de camiones y autobuses de la marca alemana MAN, ampli\u00e1ndose en 2017 con la gama de furgonetas MAN de \u00faltima generaci\u00f3n.<\/p>\n<p>Nuestro taller cuenta con una superficie de 2.400 m<sup>2<\/sup> cubiertos y est\u00e1 dotado de la m\u00e1s avanzada tecnolog\u00eda. Adem\u00e1s, dispone del Servicio 24 Horas, durante todos los d\u00edas del a\u00f1o.<\/p>\n<p>En nuestro amplio almac\u00e9n de recambios aseguramos un tiempo m\u00ednimo en la consecuci\u00f3n de las piezas necesarias para la reparaci\u00f3n y mantenimiento de todos los veh\u00edculos, garantizando el montaje de recambios originales, asegurando as\u00ed, tanto la calidad como la fiabilidad de los componentes empleados.<\/p>\n<p>\u00a1Vis\u00edtenos! Le atenderemos encantados.<\/p>\n","protected":false},"excerpt":{"rendered":"<p>MAN Truck &amp; Bus es uno de los fabricantes de veh\u00edculos industriales y de los proveedores de soluciones para el transporte l\u00edderes del sector en Europa. La satisfacci\u00f3n de nuestros clientes es fundamental para nosotros, por eso trabajamos desde la excelencia para ser su mejor socio y aportar la soluciones adecuadas a sus necesidades, tanto&#8230;  <a class=\"excerpt-read-more\" href=\"https:\/\/red.maniberia.net\/tomas-mintegui-uriguen\/\" title=\"Read: Tom\u00e1s Mintegui Urig\u00fcen, S.A.\">Read More<\/a><\/p>\n","protected":false},"author":1,"featured_media":0,"parent":0,"menu_order":0,"comment_status":"closed","ping_status":"closed","template":"page-home.php","meta":[],"aioseo_notices":[],"_links":{"self":[{"href":"https:\/\/red.maniberia.net\/tomas-mintegui-uriguen\/wp-json\/wp\/v2\/pages\/4"}],"collection":[{"href":"https:\/\/red.maniberia.net\/tomas-mintegui-uriguen\/wp-json\/wp\/v2\/pages"}],"about":[{"href":"https:\/\/red.maniberia.net\/tomas-mintegui-uriguen\/wp-json\/wp\/v2\/types\/page"}],"author":[{"embeddable":true,"href":"https:\/\/red.maniberia.net\/tomas-mintegui-uriguen\/wp-json\/wp\/v2\/users\/1"}],"replies":[{"embeddable":true,"href":"https:\/\/red.maniberia.net\/tomas-mintegui-uriguen\/wp-json\/wp\/v2\/comments?post=4"}],"version-history":[{"count":5,"href":"https:\/\/red.maniberia.net\/tomas-mintegui-uriguen\/wp-json\/wp\/v2\/pages\/4\/revisions"}],"predecessor-version":[{"id":105,"href":"https:\/\/red.maniberia.net\/tomas-mintegui-uriguen\/wp-json\/wp\/v2\/pages\/4\/revisions\/105"}],"wp:attachment":[{"href":"https:\/\/red.maniberia.net\/tomas-mintegui-uriguen\/wp-json\/wp\/v2\/media?parent=4"}],"curies":[{"name":"wp","href":"https:\/\/api.w.org\/{rel}","templated":true}]}}