{"id":4,"date":"2020-03-06T12:24:27","date_gmt":"2020-03-06T12:24:27","guid":{"rendered":"https:\/\/red.maniberia.net\/tavigosa\/home\/"},"modified":"2020-03-16T14:39:00","modified_gmt":"2020-03-16T14:39:00","slug":"home","status":"publish","type":"page","link":"https:\/\/red.maniberia.net\/tavigosa\/","title":{"rendered":"Talleres Antonio Vigo, S.A."},"content":{"rendered":"<p>MAN Truck &amp; Bus es uno de los fabricantes de veh\u00edculos industriales y de los proveedores de soluciones para el transporte l\u00edderes del sector en Europa. La satisfacci\u00f3n de nuestros clientes es fundamental para nosotros, por eso trabajamos desde la excelencia para ser su mejor socio y aportar la soluciones adecuadas a sus necesidades, tanto desde la venta como desde la postventa. Ofertas integrales y a medida de su negocio. Ponemos a su disposici\u00f3n a nuestro profesional equipo, que est\u00e1 en continua formaci\u00f3n. Los mejores asesores en soluciones de transporte.<\/p>\n<p><strong>TALLERES ANTONIO VIGO SA (TAVIGOSA)<\/strong> somos un MAN Truck &amp; Bus Service situado en la capital de Galicia, que cuenta con una experiencia de m\u00e1s de 30 a\u00f1os en el sector.<\/p>\n<p>En nuestras instalaciones de Santiago de Compostela contamos con casi 5.000 metros cuadrados de superficie que a\u00fanan una zona de taller de 1.300 metros y otros 1.340 metros destinados a oficinas, recambios y s\u00f3tano de repuestos. La zona de trabajo se compone de nueve calles, para reparaciones de camiones y autobuses.<\/p>\n<p>El cliente puede contar con todo lo necesario para un adecuado mantenimiento de sus veh\u00edculos, tanto por la calidad de los recambios originales MAN como por nuestro equipo de profesionales altamente cualificados y en continua formaci\u00f3n, para ofrecerle el mejor servicio Post-Venta.<\/p>\n","protected":false},"excerpt":{"rendered":"<p>MAN Truck &amp; Bus es uno de los fabricantes de veh\u00edculos industriales y de los proveedores de soluciones para el transporte l\u00edderes del sector en Europa. La satisfacci\u00f3n de nuestros clientes es fundamental para nosotros, por eso trabajamos desde la excelencia para ser su mejor socio y aportar la soluciones adecuadas a sus necesidades, tanto&#8230;  <a class=\"excerpt-read-more\" href=\"https:\/\/red.maniberia.net\/tavigosa\/\" title=\"Read: Talleres Antonio Vigo, S.A.\">Read More<\/a><\/p>\n","protected":false},"author":1,"featured_media":0,"parent":0,"menu_order":0,"comment_status":"closed","ping_status":"closed","template":"page-home.php","meta":[],"aioseo_notices":[],"_links":{"self":[{"href":"https:\/\/red.maniberia.net\/tavigosa\/wp-json\/wp\/v2\/pages\/4"}],"collection":[{"href":"https:\/\/red.maniberia.net\/tavigosa\/wp-json\/wp\/v2\/pages"}],"about":[{"href":"https:\/\/red.maniberia.net\/tavigosa\/wp-json\/wp\/v2\/types\/page"}],"author":[{"embeddable":true,"href":"https:\/\/red.maniberia.net\/tavigosa\/wp-json\/wp\/v2\/users\/1"}],"replies":[{"embeddable":true,"href":"https:\/\/red.maniberia.net\/tavigosa\/wp-json\/wp\/v2\/comments?post=4"}],"version-history":[{"count":4,"href":"https:\/\/red.maniberia.net\/tavigosa\/wp-json\/wp\/v2\/pages\/4\/revisions"}],"predecessor-version":[{"id":109,"href":"https:\/\/red.maniberia.net\/tavigosa\/wp-json\/wp\/v2\/pages\/4\/revisions\/109"}],"wp:attachment":[{"href":"https:\/\/red.maniberia.net\/tavigosa\/wp-json\/wp\/v2\/media?parent=4"}],"curies":[{"name":"wp","href":"https:\/\/api.w.org\/{rel}","templated":true}]}}