{"id":3,"date":"2022-09-27T09:44:04","date_gmt":"2022-09-27T09:44:04","guid":{"rendered":"https:\/\/red.maniberia.net\/talleres-ortiz-minglanilla\/home\/"},"modified":"2022-10-18T09:01:10","modified_gmt":"2022-10-18T09:01:10","slug":"home","status":"publish","type":"page","link":"https:\/\/red.maniberia.net\/talleres-ortiz-minglanilla\/","title":{"rendered":"Talleres Ortiz Minglanilla"},"content":{"rendered":"<p>Excelencia en el servicio al cliente. Ese es nuestro objetivo y por el que cada d\u00eda nos ponemos en movimiento. Trabajamos para entender las necesidades de nuestros clientes y poder satisfacerlas, buscando la mejora continua. Talleres Ortiz, pasi\u00f3n por la excelencia en el servicio a nuestros clientes.<\/p>\n<p>Pasado, presente y futuro orientado a un servicio de calidad<\/p>\n<p>Con cerca de 50 a\u00f1os de trayectoria en el sector, Talleres Ortiz ha sabido adaptarse a los tiempos y evolucionar desde una empresa familiar que comenz\u00f3 como servicio oficial PEGASO a lo que es hoy: una empresa de reconocido prestigio que siempre busca ofrecer el mejor servicio a sus clientes con el servicio oficial de MAN.<\/p>\n<p>Nuestras instalaciones<\/p>\n<p>En los \u00faltimos a\u00f1os se han realizado importantes inversiones para mejorar las instalaciones, herramientas, medios de transporte siempre para mejorar el servicio de atenci\u00f3n a nuestros clientes.<\/p>\n<p>En nuestro taller de Minglanilla ofrecemos un servicio global de mec\u00e1nica, electricidad, chapa y pintura, neum\u00e1tica, exposici\u00f3n y recambios, y con un equipo de profesionales en constante formaci\u00f3n para ofrecer el mejor servicio a nuestros clientes que, en definitiva, es nuestro reto diario.<\/p>\n<p>MAN Truck &amp; Bus es uno de los fabricantes de veh\u00edculos industriales y de los proveedores de soluciones para el transporte l\u00edderes del sector en Europa. La satisfacci\u00f3n de nuestros clientes es fundamental para nosotros, por eso trabajamos desde la excelencia para ser su mejor socio y aportar la soluciones adecuadas a sus necesidades, tanto desde la venta como desde la postventa. Ofertas integrales y a medida de su negocio. Ponemos a su disposici\u00f3n a nuestro profesional equipo, que est\u00e1 en continua formaci\u00f3n. Los mejores asesores en soluciones de transporte.<\/p>\n","protected":false},"excerpt":{"rendered":"<p>Excelencia en el servicio al cliente. Ese es nuestro objetivo y por el que cada d\u00eda nos ponemos en movimiento. Trabajamos para entender las necesidades de nuestros clientes y poder satisfacerlas, buscando la mejora continua. Talleres Ortiz, pasi\u00f3n por la excelencia en el servicio a nuestros clientes. Pasado, presente y futuro orientado a un servicio&#8230;  <a class=\"excerpt-read-more\" href=\"https:\/\/red.maniberia.net\/talleres-ortiz-minglanilla\/\" title=\"Read: Talleres Ortiz Minglanilla\">Read More<\/a><\/p>\n","protected":false},"author":1,"featured_media":0,"parent":0,"menu_order":0,"comment_status":"closed","ping_status":"closed","template":"page-home.php","meta":[],"aioseo_notices":[],"_links":{"self":[{"href":"https:\/\/red.maniberia.net\/talleres-ortiz-minglanilla\/wp-json\/wp\/v2\/pages\/3"}],"collection":[{"href":"https:\/\/red.maniberia.net\/talleres-ortiz-minglanilla\/wp-json\/wp\/v2\/pages"}],"about":[{"href":"https:\/\/red.maniberia.net\/talleres-ortiz-minglanilla\/wp-json\/wp\/v2\/types\/page"}],"author":[{"embeddable":true,"href":"https:\/\/red.maniberia.net\/talleres-ortiz-minglanilla\/wp-json\/wp\/v2\/users\/1"}],"replies":[{"embeddable":true,"href":"https:\/\/red.maniberia.net\/talleres-ortiz-minglanilla\/wp-json\/wp\/v2\/comments?post=3"}],"version-history":[{"count":10,"href":"https:\/\/red.maniberia.net\/talleres-ortiz-minglanilla\/wp-json\/wp\/v2\/pages\/3\/revisions"}],"predecessor-version":[{"id":137,"href":"https:\/\/red.maniberia.net\/talleres-ortiz-minglanilla\/wp-json\/wp\/v2\/pages\/3\/revisions\/137"}],"wp:attachment":[{"href":"https:\/\/red.maniberia.net\/talleres-ortiz-minglanilla\/wp-json\/wp\/v2\/media?parent=3"}],"curies":[{"name":"wp","href":"https:\/\/api.w.org\/{rel}","templated":true}]}}