{"id":4,"date":"2018-04-12T09:51:49","date_gmt":"2018-04-12T09:51:49","guid":{"rendered":"https:\/\/red.maniberia.net\/talleres-esga\/home\/"},"modified":"2019-03-15T12:38:02","modified_gmt":"2019-03-15T12:38:02","slug":"home","status":"publish","type":"page","link":"https:\/\/red.maniberia.net\/talleres-esga\/","title":{"rendered":"Talleres Esga S.A."},"content":{"rendered":"<p>MAN Truck &amp; Bus es uno de los fabricantes de veh\u00edculos industriales y de los proveedores de soluciones para el transporte l\u00edderes del sector en Europa. La satisfacci\u00f3n de nuestros clientes es fundamental para nosotros, por eso trabajamos desde la excelencia para ser su mejor socio y aportar la soluciones adecuadas a sus necesidades, tanto desde la venta como desde la postventa. Ofertas integrales y a medida de su negocio. Ponemos a su disposici\u00f3n a nuestro profesional equipo, que est\u00e1 en continua formaci\u00f3n. Los mejores asesores en soluciones de transporte.<\/p>\n<p>Tras una trayectoria profesional, de mas de 50 a\u00f1os, Sago-Esga, nace por iniciativa de D. Julio Garc\u00eda G\u00f3mez y D. Pedro Escoda Sancho, en la ciudad de Torrelavega. Denominaci\u00f3n comercial para la parte comercial es \u201cComercial Sago\u201d y para el taller \u201cTalleres Esga\u201d. La empresa emprende el camino de crecimiento a base de trabajo, esfuerzo, capacitaci\u00f3n y el trato directo con el cliente. Debido a la iniciativa y visi\u00f3n de futuro de D. Julio Garc\u00eda G\u00f3mez en 1990 la empresa aborda una nueva etapa con la mejor\u00eda y actualizaci\u00f3n constante de infraestructura, maquinaria, y servicios instal\u00e1ndose en Valles-Reoc\u00edn (Cantabria).<br \/>\nLas instalaciones de Talleres Esga disponen de una nave de 3.000 m para el taller mec\u00e1nico, 700 m para edificio de administraci\u00f3n, 300 m superficie de exposici\u00f3n y 5.000 m de aparacamiento. Gracias a la amplitud\u00a0 se facilita la maniobrabilidad de veh\u00edculos dentro de las instalaciones y con f\u00e1cil acceso de entrada y salida a las principales v\u00edas.<\/p>\n<p>Nuestro taller ofrece distintos tipos de servicio como por ej. servicio de lavado, servicio de g\u00f3ndola, asistencia en carretera 24 horas, reparaciones de electromec\u00e1nica, hidr\u00e1ulica e inyecci\u00f3n. Disponemos de almac\u00e9n propio de piezas de recambios, Centro T\u00e9cnico de Tac\u00f3grafos. En nuestro taller podr\u00e1 encontrar todos los servicios relacionados con automoci\u00f3n.<\/p>\n<p>Talleres Esga cuenta con un gran equipo profesional. Nuestra principal prioridad es asesorar\u00a0 y ofrecer un trato \u00fanico y adaptado a la necesidad de cada uno de nuestros clientes.<\/p>\n<p>Nuestra filosof\u00eda es prestar el mejor servicio de nuestro sector.<\/p>\n","protected":false},"excerpt":{"rendered":"<p>MAN Truck &amp; Bus es uno de los fabricantes de veh\u00edculos industriales y de los proveedores de soluciones para el transporte l\u00edderes del sector en Europa. La satisfacci\u00f3n de nuestros clientes es fundamental para nosotros, por eso trabajamos desde la excelencia para ser su mejor socio y aportar la soluciones adecuadas a sus necesidades, tanto&#8230;  <a class=\"excerpt-read-more\" href=\"https:\/\/red.maniberia.net\/talleres-esga\/\" title=\"Read: Talleres Esga S.A.\">Read More<\/a><\/p>\n","protected":false},"author":1,"featured_media":0,"parent":0,"menu_order":0,"comment_status":"closed","ping_status":"closed","template":"page-home.php","meta":[],"aioseo_notices":[],"_links":{"self":[{"href":"https:\/\/red.maniberia.net\/talleres-esga\/wp-json\/wp\/v2\/pages\/4"}],"collection":[{"href":"https:\/\/red.maniberia.net\/talleres-esga\/wp-json\/wp\/v2\/pages"}],"about":[{"href":"https:\/\/red.maniberia.net\/talleres-esga\/wp-json\/wp\/v2\/types\/page"}],"author":[{"embeddable":true,"href":"https:\/\/red.maniberia.net\/talleres-esga\/wp-json\/wp\/v2\/users\/1"}],"replies":[{"embeddable":true,"href":"https:\/\/red.maniberia.net\/talleres-esga\/wp-json\/wp\/v2\/comments?post=4"}],"version-history":[{"count":4,"href":"https:\/\/red.maniberia.net\/talleres-esga\/wp-json\/wp\/v2\/pages\/4\/revisions"}],"predecessor-version":[{"id":77,"href":"https:\/\/red.maniberia.net\/talleres-esga\/wp-json\/wp\/v2\/pages\/4\/revisions\/77"}],"wp:attachment":[{"href":"https:\/\/red.maniberia.net\/talleres-esga\/wp-json\/wp\/v2\/media?parent=4"}],"curies":[{"name":"wp","href":"https:\/\/api.w.org\/{rel}","templated":true}]}}