{"id":4,"date":"2018-04-12T11:22:44","date_gmt":"2018-04-12T11:22:44","guid":{"rendered":"https:\/\/red.maniberia.net\/serviman-murcia\/home\/"},"modified":"2025-07-01T11:25:31","modified_gmt":"2025-07-01T11:25:31","slug":"home","status":"publish","type":"page","link":"https:\/\/red.maniberia.net\/serviman-murcia\/","title":{"rendered":"Serviman Murcia, S.L."},"content":{"rendered":"<p>MAN Truck &amp; Bus es uno de los fabricantes de veh\u00edculos industriales y de los proveedores de soluciones para el transporte l\u00edderes del sector en Europa. La satisfacci\u00f3n de nuestros clientes es fundamental para nosotros, por eso trabajamos desde la excelencia para ser su mejor socio y aportar la soluciones adecuadas a sus necesidades, tanto desde la venta como desde la postventa. Ofertas integrales y a medida de su negocio. Ponemos a su disposici\u00f3n a nuestro profesional equipo, que est\u00e1 en continua formaci\u00f3n. Los mejores asesores en soluciones de transporte.<\/p>\n<p>Serviman Murcia, S.L. es su MAN Truck &amp; Bus Center en la Regi\u00f3n de Murcia. La empresa fue constituida en Octubre de 1988. En 1989 pasa a ser Servicio Oficial de veh\u00edculos MAN inaugurando las instalaciones actuales.<\/p>\n<p>En 1993, Serviman Murcia, S.L. se convierte en el Concesionario Oficial de MAN Truck &amp; Bus Iberia para la venta de veh\u00edculos industriales MAN otorgando tambi\u00e9n la concesi\u00f3n para la venta de autobuses.<\/p>\n<p>Actualmente, comercializamos toda las gamas de camiones y furgonetas MAN en la Regi\u00f3n de Murcia. \u00a0En las provincias de Albacete, Alicante, Castell\u00f3n, Cuenca, Murcia, Teruel y Valencia ofrecemos todas las gamas de autocares MAN y NEOPLAN.<\/p>\n<p>\u00a1Nuestro equipo de profesionales estar\u00e1 encantado de atenderle!<\/p>\n<h2>Otros Center y Service de Serviman<\/h2>\n<p><a href=\"https:\/\/red.maniberia.net\/serviman-almeria\/\">Serviman Almer\u00eda<\/a><\/p>\n<p><a href=\"https:\/\/red.maniberia.net\/serviman-almeria-lamojonera\/\">Serviman Almer\u00eda la Mojonera<\/a><\/p>\n<p><a href=\"https:\/\/red.maniberia.net\/serviman-baleares\/\">Serviman Baleares<\/a><\/p>\n","protected":false},"excerpt":{"rendered":"<p>MAN Truck &amp; Bus es uno de los fabricantes de veh\u00edculos industriales y de los proveedores de soluciones para el transporte l\u00edderes del sector en Europa. La satisfacci\u00f3n de nuestros clientes es fundamental para nosotros, por eso trabajamos desde la excelencia para ser su mejor socio y aportar la soluciones adecuadas a sus necesidades, tanto&#8230;  <a class=\"excerpt-read-more\" href=\"https:\/\/red.maniberia.net\/serviman-murcia\/\" title=\"Read: Serviman Murcia, S.L.\">Read More<\/a><\/p>\n","protected":false},"author":1,"featured_media":0,"parent":0,"menu_order":0,"comment_status":"closed","ping_status":"closed","template":"page-home.php","meta":[],"aioseo_notices":[],"_links":{"self":[{"href":"https:\/\/red.maniberia.net\/serviman-murcia\/wp-json\/wp\/v2\/pages\/4"}],"collection":[{"href":"https:\/\/red.maniberia.net\/serviman-murcia\/wp-json\/wp\/v2\/pages"}],"about":[{"href":"https:\/\/red.maniberia.net\/serviman-murcia\/wp-json\/wp\/v2\/types\/page"}],"author":[{"embeddable":true,"href":"https:\/\/red.maniberia.net\/serviman-murcia\/wp-json\/wp\/v2\/users\/1"}],"replies":[{"embeddable":true,"href":"https:\/\/red.maniberia.net\/serviman-murcia\/wp-json\/wp\/v2\/comments?post=4"}],"version-history":[{"count":5,"href":"https:\/\/red.maniberia.net\/serviman-murcia\/wp-json\/wp\/v2\/pages\/4\/revisions"}],"predecessor-version":[{"id":152,"href":"https:\/\/red.maniberia.net\/serviman-murcia\/wp-json\/wp\/v2\/pages\/4\/revisions\/152"}],"wp:attachment":[{"href":"https:\/\/red.maniberia.net\/serviman-murcia\/wp-json\/wp\/v2\/media?parent=4"}],"curies":[{"name":"wp","href":"https:\/\/api.w.org\/{rel}","templated":true}]}}