{"id":4,"date":"2019-10-01T15:18:04","date_gmt":"2019-10-01T15:18:04","guid":{"rendered":"https:\/\/red.maniberia.net\/serviman-almeria\/home\/"},"modified":"2025-07-01T11:26:26","modified_gmt":"2025-07-01T11:26:26","slug":"home","status":"publish","type":"page","link":"https:\/\/red.maniberia.net\/serviman-almeria\/","title":{"rendered":"Serviman Almer\u00eda"},"content":{"rendered":"<p>MAN Truck &amp; Bus es uno de los fabricantes de veh\u00edculos industriales y de los proveedores de soluciones para el transporte l\u00edderes del sector en Europa. La satisfacci\u00f3n de nuestros clientes es fundamental para nosotros, por eso trabajamos desde la excelencia para ser su mejor socio y aportar la soluciones adecuadas a sus necesidades, tanto desde la venta como desde la postventa. Ofertas integrales y a medida de su negocio. Ponemos a su disposici\u00f3n a nuestro profesional equipo, que est\u00e1 en continua formaci\u00f3n. Los mejores asesores en soluciones de transporte.<\/p>\n<p>Talleres Serviman Almer\u00eda es MAN Truck &amp; Bus Center en la provincia de Almer\u00eda. La empresa fue constituida en Septiembre de 2015 pasando a ser Servicio Oficial de veh\u00edculos MAN inaugurando las instalaciones actuales. Contamos actualmente con las certificaciones de calidad ISO 9001:2015 y UNE 60102:2017 de tac\u00f3grafos.<\/p>\n<p>Disponemos de las mejores ofertas en veh\u00edculos nuevos y usados el mejor equipo t\u00e9cnico para su mantenimiento posterior<\/p>\n<h2>Otros Center y Service de Serviman<\/h2>\n<p><a href=\"https:\/\/red.maniberia.net\/serviman-murcia\/\">Serviman Murcia<\/a><\/p>\n<p><a href=\"https:\/\/red.maniberia.net\/serviman-almeria-lamojonera\/\">Serviman Almer\u00eda la Mojonera<\/a><\/p>\n<p><a href=\"https:\/\/red.maniberia.net\/serviman-baleares\/\">Serviman Baleares<\/a><\/p>\n","protected":false},"excerpt":{"rendered":"<p>MAN Truck &amp; Bus es uno de los fabricantes de veh\u00edculos industriales y de los proveedores de soluciones para el transporte l\u00edderes del sector en Europa. La satisfacci\u00f3n de nuestros clientes es fundamental para nosotros, por eso trabajamos desde la excelencia para ser su mejor socio y aportar la soluciones adecuadas a sus necesidades, tanto&#8230;  <a class=\"excerpt-read-more\" href=\"https:\/\/red.maniberia.net\/serviman-almeria\/\" title=\"Read: Serviman Almer\u00eda\">Read More<\/a><\/p>\n","protected":false},"author":1,"featured_media":0,"parent":0,"menu_order":0,"comment_status":"closed","ping_status":"closed","template":"page-home.php","meta":[],"aioseo_notices":[],"_links":{"self":[{"href":"https:\/\/red.maniberia.net\/serviman-almeria\/wp-json\/wp\/v2\/pages\/4"}],"collection":[{"href":"https:\/\/red.maniberia.net\/serviman-almeria\/wp-json\/wp\/v2\/pages"}],"about":[{"href":"https:\/\/red.maniberia.net\/serviman-almeria\/wp-json\/wp\/v2\/types\/page"}],"author":[{"embeddable":true,"href":"https:\/\/red.maniberia.net\/serviman-almeria\/wp-json\/wp\/v2\/users\/1"}],"replies":[{"embeddable":true,"href":"https:\/\/red.maniberia.net\/serviman-almeria\/wp-json\/wp\/v2\/comments?post=4"}],"version-history":[{"count":5,"href":"https:\/\/red.maniberia.net\/serviman-almeria\/wp-json\/wp\/v2\/pages\/4\/revisions"}],"predecessor-version":[{"id":215,"href":"https:\/\/red.maniberia.net\/serviman-almeria\/wp-json\/wp\/v2\/pages\/4\/revisions\/215"}],"wp:attachment":[{"href":"https:\/\/red.maniberia.net\/serviman-almeria\/wp-json\/wp\/v2\/media?parent=4"}],"curies":[{"name":"wp","href":"https:\/\/api.w.org\/{rel}","templated":true}]}}