{"id":99,"date":"2020-02-20T16:41:06","date_gmt":"2020-02-20T16:41:06","guid":{"rendered":"https:\/\/red.maniberia.net\/novo-camion-bus\/?page_id=99"},"modified":"2020-02-20T16:41:58","modified_gmt":"2020-02-20T16:41:58","slug":"aviso-legal","status":"publish","type":"page","link":"https:\/\/red.maniberia.net\/novo-camion-bus\/aviso-legal\/","title":{"rendered":"Aviso legal"},"content":{"rendered":"<table>\n<tbody>\n<tr>\n<td colspan=\"2\" width=\"576\"><strong>Informaci\u00f3n b\u00e1sica sobre Protecci\u00f3n de Datos<\/strong><\/td>\n<\/tr>\n<tr>\n<td width=\"111\"><strong><em>\u00a0<\/em><\/strong><br \/>\n<strong><em>Responsable<\/em><\/strong><br \/>\n<strong><em>\u00a0<\/em><\/strong><\/td>\n<td width=\"465\">Novo Cami\u00f3n&amp;Bus, S.L.<\/td>\n<\/tr>\n<tr>\n<td width=\"111\"><strong><em>\u00a0<\/em><\/strong><br \/>\n<strong><em>Finalidad<\/em><\/strong><br \/>\n<strong><em>\u00a0<\/em><\/strong><\/td>\n<td width=\"465\">Prestar los mejores servicios en nuestra relaci\u00f3n<\/td>\n<\/tr>\n<tr>\n<td width=\"111\"><strong><em>\u00a0<\/em><\/strong><br \/>\n<strong><em>Legitimaci\u00f3n<\/em><\/strong><br \/>\n<strong><em>\u00a0<\/em><\/strong><\/td>\n<td width=\"465\">Ejecuci\u00f3n de un contrato<\/td>\n<\/tr>\n<tr>\n<td width=\"111\"><strong><em>\u00a0<\/em><\/strong><br \/>\n<strong><em>\u00a0<\/em><\/strong><br \/>\n<strong><em>Destinatarios<\/em><\/strong><br \/>\n<strong><em>\u00a0<\/em><\/strong><\/td>\n<td width=\"465\">Los datos podr\u00e1n ser cedidos a Man Trauck &amp; Bus Iberia, S.A.U. y a otras empresas de P\u00e9rez Rumbao, S.A.U.<\/td>\n<\/tr>\n<tr>\n<td width=\"111\"><strong><em>\u00a0<\/em><\/strong><br \/>\n<strong><em>Derechos<\/em><\/strong><br \/>\n<strong><em>\u00a0<\/em><\/strong><\/p>\n<p><strong><em>\u00a0<\/em><\/strong><\/td>\n<td width=\"465\">Acceder, rectificar y suprimir los datos, as\u00ed como otros derechos, como se explica en la informaci\u00f3n adicional<\/td>\n<\/tr>\n<tr>\n<td width=\"111\"><strong><em>\u00a0<\/em><\/strong><\/p>\n<p><strong><em>Informaci\u00f3n adicional<\/em><\/strong><\/p>\n<p><strong><em>\u00a0<\/em><\/strong><\/td>\n<td width=\"465\">Puede consultar la informaci\u00f3n adicional y detallada sobre Protecci\u00f3n de Datos a continuaci\u00f3n en Informaci\u00f3n adicional.<\/td>\n<\/tr>\n<\/tbody>\n<\/table>\n<p>&nbsp;<\/p>\n<p>&nbsp;<\/p>\n<p><strong>Informaci\u00f3n adicional<\/strong><\/p>\n<p><strong>\u00a0<\/strong><\/p>\n<ul>\n<li><strong><em>Responsable del tratamiento, finalidad y legitimaci\u00f3n.<\/em><\/strong><\/li>\n<\/ul>\n<p><strong>\u00a0<\/strong><\/p>\n<p>A efectos de lo establecido en la legislaci\u00f3n aplicable en materia de Protecci\u00f3n de Datos, se le informa que Novo Cami\u00f3n&amp;Bus, S.L., titular del NIF. B-15.125.453), con direcci\u00f3n en Ctra. Nacional VI, km. 585-I\u00f1\u00e1s-Oleiros-La Coru\u00f1a) es la responsable del tratamiento de sus datos personales.<\/p>\n<p>En caso que usted nos facilite datos relativos a otra persona f\u00edsica, deber\u00e1 con car\u00e1cter previo a su inclusi\u00f3n, informarle de los extremos contenidos en la presente informaci\u00f3n sobre Protecci\u00f3n de Datos.<\/p>\n<p>La finalidad del tratamiento de sus datos es la de realizar una correcta gesti\u00f3n contractual y administrativa, de los servicios contratados con nuestra empresa.<\/p>\n<p>Los datos personales proporcionados se conservar\u00e1n mientras sen necesarios para el mantenimiento de nuestra relaci\u00f3n mercantil, y en tanto en cuanto no se solicite su supresi\u00f3n por el interesado.<\/p>\n<p>La base legal para el tratamiento de sus datos es la ejecuci\u00f3n del contrato de compraventa, la reparaci\u00f3n de su veh\u00edculo, la adquisici\u00f3n de piezas de recambio, o en su caso la formulaci\u00f3n y seguimiento de la oferta comercial solicitada.<\/p>\n<p><strong>\u00a0<\/strong><\/p>\n<ul>\n<li><strong><em>Destinatarios<\/em><\/strong><\/li>\n<\/ul>\n<p><strong>\u00a0<\/strong><\/p>\n<p>Los datos podr\u00e1n ser comunicados a otra empresa de P\u00e9rez Rumbao, S.A.U., para su tratamiento con el fin de realizar un seguimiento comercial y enviarle informaci\u00f3n sobre nuestros productos y servicios, relativos a los sectores de automoci\u00f3n, financieros y de seguros; as\u00ed como a Man Truck &amp; Bus Ibeira, S.A.U,, en el caso de que el veh\u00edculo adquirido pertenezca a dicha marca, como responsable de la misma, para atender adecuadamente las garantias y responsabilidades del veh\u00edculo y de los productos y servicios que suministra, para una correcta atenci\u00f3n al cliente y control de calidad de los productos y servicios de la marca, realizaci\u00f3n de encuestas de opini\u00f3n y fines estad\u00edsticos, as\u00ed como para informarle peri\u00f3dicamente de novedades, productos y servicios de la marca o empresas de P\u00e9rez Rumbao, S.A.U.<\/p>\n<p>Esta comunicaci\u00f3n est\u00e1 basada en el consentimiento que se le solicita.<\/p>\n<p>&nbsp;<\/p>\n<ul>\n<li><strong><em>Derechos de los interesados<\/em><\/strong><\/li>\n<\/ul>\n<p><strong><em>\u00a0<\/em><\/strong><\/p>\n<p>Cualquier interesado tiene derecho a obtener confirmaci\u00f3n sobre si Novo Cami\u00f3n&amp;Bus, S.L. est\u00e1 tratando datos personales que le conciernen, o no.<\/p>\n<p>Las personas interesadas podr\u00e1n ejercitar de forma gratuita sus derechos de acceso, rectificaci\u00f3n, cancelaci\u00f3n, supresi\u00f3n, portabilidad y oposici\u00f3n.<\/p>\n<p>En determinadas circunstancias, los interesados podr\u00e1n solicitar la limitaci\u00f3n del tratamiento de sus datos, en cuyo caso unicamente se conservar\u00e1n para el ejercicio o la defensa de reclamaciones.<\/p>\n<p>Para el ejercicio de los derechos reconocidos, el\u00a0 interesado podr\u00e1 ponerse en contacto con el responsable del tratamiento a trav\u00e9s de la siguiente direcci\u00f3n de correo electr\u00f3nico <a href=\"mailto:novo@perezrumbao.com\">novo@perezrumbao.com<\/a> \u00a0dirigi\u00e9ndose al mismo por escrito en la direcci\u00f3n fcilitada, o llamando al tel\u00e9fono 900 312213.<\/p>\n<p>La retirada del consentimiento para el tratamiento de los datos tambi\u00e9n puede hacerse a trav\u00e9s del contacto DPD <a href=\"http:\/\/www.perezrumbao.es\/baja\/\">http:\/\/www.perezrumbao.es\/baja\/<\/a><\/p>\n<p>Esta revocaci\u00f3n no condiciona la ejecuci\u00f3n de la relaci\u00f3n contractual que le sirve de base, ni afecta a la licitud del tratamiento basado en el consentimiento previo a su retirada<\/p>\n<p>Cuando usted no haya obtenido satisfacci\u00f3n en el ejercicio de sus derechos, tiene derecho a presentar reclamaci\u00f3n ante la autoridad de control, debiendo dirigirse a estos efectos a la Agencia Espa\u00f1ola de Protecci\u00f3n de Datos.<\/p>\n","protected":false},"excerpt":{"rendered":"<p>Informaci\u00f3n b\u00e1sica sobre Protecci\u00f3n de Datos \u00a0 Responsable \u00a0 Novo Cami\u00f3n&amp;Bus, S.L. \u00a0 Finalidad \u00a0 Prestar los mejores servicios en nuestra relaci\u00f3n \u00a0 Legitimaci\u00f3n \u00a0 Ejecuci\u00f3n de un contrato \u00a0 \u00a0 Destinatarios \u00a0 Los datos podr\u00e1n ser cedidos a Man Trauck &amp; Bus Iberia, S.A.U. y a otras empresas de P\u00e9rez Rumbao, S.A.U. \u00a0 Derechos&#8230;  <a class=\"excerpt-read-more\" href=\"https:\/\/red.maniberia.net\/novo-camion-bus\/aviso-legal\/\" title=\"Read: Aviso legal\">Read More<\/a><\/p>\n","protected":false},"author":1,"featured_media":0,"parent":0,"menu_order":0,"comment_status":"closed","ping_status":"closed","template":"","meta":[],"aioseo_notices":[],"_links":{"self":[{"href":"https:\/\/red.maniberia.net\/novo-camion-bus\/wp-json\/wp\/v2\/pages\/99"}],"collection":[{"href":"https:\/\/red.maniberia.net\/novo-camion-bus\/wp-json\/wp\/v2\/pages"}],"about":[{"href":"https:\/\/red.maniberia.net\/novo-camion-bus\/wp-json\/wp\/v2\/types\/page"}],"author":[{"embeddable":true,"href":"https:\/\/red.maniberia.net\/novo-camion-bus\/wp-json\/wp\/v2\/users\/1"}],"replies":[{"embeddable":true,"href":"https:\/\/red.maniberia.net\/novo-camion-bus\/wp-json\/wp\/v2\/comments?post=99"}],"version-history":[{"count":1,"href":"https:\/\/red.maniberia.net\/novo-camion-bus\/wp-json\/wp\/v2\/pages\/99\/revisions"}],"predecessor-version":[{"id":100,"href":"https:\/\/red.maniberia.net\/novo-camion-bus\/wp-json\/wp\/v2\/pages\/99\/revisions\/100"}],"wp:attachment":[{"href":"https:\/\/red.maniberia.net\/novo-camion-bus\/wp-json\/wp\/v2\/media?parent=99"}],"curies":[{"name":"wp","href":"https:\/\/api.w.org\/{rel}","templated":true}]}}