{"id":4,"date":"2022-06-24T08:41:21","date_gmt":"2022-06-24T08:41:21","guid":{"rendered":"https:\/\/red.maniberia.net\/novo-camion-bus-slu\/home\/"},"modified":"2022-07-01T10:36:15","modified_gmt":"2022-07-01T10:36:15","slug":"home","status":"publish","type":"page","link":"https:\/\/red.maniberia.net\/novo-camion-bus-lugo\/","title":{"rendered":"Novo Cami\u00f3n &#038; Bus"},"content":{"rendered":"<p>MAN Truck &amp; Bus es uno de los fabricantes de veh\u00edculos industriales y de los proveedores de soluciones para el transporte l\u00edderes del sector en Europa. La satisfacci\u00f3n de nuestros clientes es fundamental para nosotros, por eso trabajamos desde la excelencia para ser su mejor socio y aportar la soluciones adecuadas a sus necesidades, tanto desde la venta como desde la postventa. Ofertas integrales y a medida de su negocio. Ponemos a su disposici\u00f3n a nuestro profesional equipo, que est\u00e1 en continua formaci\u00f3n. Los mejores asesores en soluciones de transporte.<\/p>\n<h2>Otros Center y Service de Novo Cami\u00f3n &amp; Bus<\/h2>\n<p><a href=\"https:\/\/red.maniberia.net\/novo-camion-bus\/\">Novo Cami\u00f3n &amp; Bus (La Coru\u00f1a)<\/a><\/p>\n","protected":false},"excerpt":{"rendered":"<p>MAN Truck &amp; Bus es uno de los fabricantes de veh\u00edculos industriales y de los proveedores de soluciones para el transporte l\u00edderes del sector en Europa. La satisfacci\u00f3n de nuestros clientes es fundamental para nosotros, por eso trabajamos desde la excelencia para ser su mejor socio y aportar la soluciones adecuadas a sus necesidades, tanto&#8230;  <a class=\"excerpt-read-more\" href=\"https:\/\/red.maniberia.net\/novo-camion-bus-lugo\/\" title=\"Read: Novo Cami\u00f3n &#038; Bus\">Read More<\/a><\/p>\n","protected":false},"author":1,"featured_media":0,"parent":0,"menu_order":0,"comment_status":"closed","ping_status":"closed","template":"page-home.php","meta":[],"aioseo_notices":[],"_links":{"self":[{"href":"https:\/\/red.maniberia.net\/novo-camion-bus-lugo\/wp-json\/wp\/v2\/pages\/4"}],"collection":[{"href":"https:\/\/red.maniberia.net\/novo-camion-bus-lugo\/wp-json\/wp\/v2\/pages"}],"about":[{"href":"https:\/\/red.maniberia.net\/novo-camion-bus-lugo\/wp-json\/wp\/v2\/types\/page"}],"author":[{"embeddable":true,"href":"https:\/\/red.maniberia.net\/novo-camion-bus-lugo\/wp-json\/wp\/v2\/users\/1"}],"replies":[{"embeddable":true,"href":"https:\/\/red.maniberia.net\/novo-camion-bus-lugo\/wp-json\/wp\/v2\/comments?post=4"}],"version-history":[{"count":5,"href":"https:\/\/red.maniberia.net\/novo-camion-bus-lugo\/wp-json\/wp\/v2\/pages\/4\/revisions"}],"predecessor-version":[{"id":112,"href":"https:\/\/red.maniberia.net\/novo-camion-bus-lugo\/wp-json\/wp\/v2\/pages\/4\/revisions\/112"}],"wp:attachment":[{"href":"https:\/\/red.maniberia.net\/novo-camion-bus-lugo\/wp-json\/wp\/v2\/media?parent=4"}],"curies":[{"name":"wp","href":"https:\/\/api.w.org\/{rel}","templated":true}]}}