{"id":97,"date":"2020-02-20T17:02:03","date_gmt":"2020-02-20T17:02:03","guid":{"rendered":"https:\/\/red.maniberia.net\/movielca\/?page_id=97"},"modified":"2020-02-20T17:02:20","modified_gmt":"2020-02-20T17:02:20","slug":"aviso-legal","status":"publish","type":"page","link":"https:\/\/red.maniberia.net\/movielca\/aviso-legal\/","title":{"rendered":"Aviso legal"},"content":{"rendered":"<p>El presente aviso legal (en adelante, el \u201cAviso Legal\u201d) regula el uso del servicio del portal de Internet www.red.maniberia.net\/movielca (en adelante, el \u201cWeb\u201d) MOVIELCA ARANDA, S.L.L. con domicilio social en AVDA. LUIS MATEOS, 108, 09400 ARANDA DE DUERO-BURGOS con CIF B09345281.<\/p>\n<p><span style=\"color: #049cc1;\"><span style=\"font-family: Arial, serif;\"><span style=\"font-size: x-large;\"><b>Legislaci\u00f3n<\/b><\/span><\/span><\/span><\/p>\n<p><a name=\"_Hlk512360002\"><\/a> <span style=\"color: #303c49;\"><span style=\"font-family: Arial, serif;\"><span style=\"font-size: large;\">Con car\u00e1cter general las relaciones entre MOVIELCA ARANDA, S.L.L. con los Usuarios de sus servicios telem\u00e1ticos, presentes en la web, se encuentran sometidas a la legislaci\u00f3n y jurisdicci\u00f3n espa\u00f1olas.<\/span><\/span><\/span><\/p>\n<p><span style=\"color: #303c49;\"><span style=\"font-family: Arial, serif;\"><span style=\"font-size: large;\">Las partes renuncian expresamente al fuero que les pudiera corresponder y someten expresamente a los Juzgados y Tribunales de ARANDA DE DUERO para resolver cualquier controversia que pueda surgir en la interpretaci\u00f3n o ejecuci\u00f3n de las presentes condiciones contractuales.<\/span><\/span><\/span><\/p>\n<p><span style=\"color: #049cc1;\"><span style=\"font-family: Arial, serif;\"><span style=\"font-size: x-large;\"><b>Contenido y uso<\/b><\/span><\/span><\/span><\/p>\n<p><span style=\"color: #303c49;\"><span style=\"font-family: Arial, serif;\"><span style=\"font-size: large;\">El Usuario queda informado, y acepta, que el acceso a la presente web no supone, en modo alguno, el inicio de una relaci\u00f3n comercial con MOVIELCA ARANDA, S.L.L.<\/span><\/span><\/span><\/p>\n<p><span style=\"color: #303c49;\"><span style=\"font-family: Arial, serif;\"><span style=\"font-size: large;\">El titular del web no se identifica con las opiniones vertidas en el mismo por sus colaboradores. La Empresa se reserva el derecho de efectuar sin previo aviso las modificaciones que considere oportunas en su Web, pudiendo cambiar, suprimir o a\u00f1adir tanto los contenidos y servicios que se presten a trav\u00e9s de la misma como la forma en la que \u00e9stos aparezcan presentados o localizados en sus servidores.<\/span><\/span><\/span><\/p>\n<p><span style=\"color: #049cc1;\"><span style=\"font-family: Arial, serif;\"><span style=\"font-size: x-large;\"><b>Propiedad intelectual e industrial<\/b><\/span><\/span><\/span><\/p>\n<p><span style=\"color: #303c49;\"><span style=\"font-family: Arial, serif;\"><span style=\"font-size: large;\">Los derechos de propiedad intelectual del contenido de las p\u00e1ginas web, su dise\u00f1o gr\u00e1fico y c\u00f3digos son titularidad de MOVIELCA ARANDA, S.L.L. y, por tanto, queda prohibida su reproducci\u00f3n, distribuci\u00f3n, comunicaci\u00f3n p\u00fablica, transformaci\u00f3n o cualquier otra actividad que se pueda realizar con los contenidos de sus p\u00e1ginas web ni aun citando las fuentes, salvo consentimiento por escrito de MOVIELCA ARANDA, S.L.L. Todos los nombres comerciales, marcas o signos distintos de cualquier clase contenidos en las p\u00e1ginas web de la Empresa son propiedad de sus due\u00f1os y est\u00e1n protegidos por ley.<\/span><\/span><\/span><\/p>\n<p><span style=\"color: #049cc1;\"><span style=\"font-family: Arial, serif;\"><span style=\"font-size: x-large;\"><b>Enlaces (Links)<\/b><\/span><\/span><\/span><\/p>\n<p><span style=\"color: #303c49;\"><span style=\"font-family: Arial, serif;\"><span style=\"font-size: large;\">La presencia de enlaces (links) en las p\u00e1ginas web de MOVIELCA ARANDA, S.L.L. tiene finalidad meramente informativa y en ning\u00fan caso supone sugerencia, invitaci\u00f3n o recomendaci\u00f3n sobre los mismos.<\/span><\/span><\/span><\/p>\n<p><span style=\"color: #049cc1;\"><span style=\"font-family: Arial, serif;\"><span style=\"font-size: x-large;\"><b>Confidencialidad y Protecci\u00f3n de Datos<\/b><\/span><\/span><\/span><\/p>\n<p><span style=\"color: #303c49;\"><span style=\"font-family: Arial, serif;\"><span style=\"font-size: large;\">A efecto de lo previsto en RGPD de 27 de abril de 2016, MOVIELCA ARANDA, S.L.L. informa al Usuario de la existencia de un tratamiento automatizado de datos de car\u00e1cter personal creado por y MOVIELCA ARANDA, S.L.L. y bajo su responsabilidad, con la finalidad de realizar el mantenimiento y gesti\u00f3n de la relaci\u00f3n con el Usuario, as\u00ed como las labores de informaci\u00f3n. En el momento de la aceptaci\u00f3n de las presentes condiciones generales, MOVIELCA ARANDA, S.L.L. precisar\u00e1 del Usuario la recogida de unos datos imprescindibles para la prestaci\u00f3n de sus servicios.<\/span><\/span><\/span><\/p>\n<p><span style=\"color: #049cc1;\"><span style=\"font-family: Arial, serif;\"><span style=\"font-size: x-large;\"><b>Registro de ficheros y formularios<\/b><\/span><\/span><\/span><\/p>\n<p><span style=\"color: #303c49;\"><span style=\"font-family: Arial, serif;\"><span style=\"font-size: large;\">La cumplimentaci\u00f3n del formulario de registro es obligatoria para acceder y disfrutar de determinados servicios ofrecidos en la web. El no facilitar los datos personales solicitados o el no aceptar la presente pol\u00edtica de protecci\u00f3n de datos supone la imposibilidad de suscribirse, registrarse o participar en cualquiera de las promociones en las que se soliciten datos car\u00e1cter personal.<\/span><\/span><\/span><\/p>\n<p><span style=\"color: #303c49;\"><span style=\"font-family: Arial, serif;\"><span style=\"font-size: large;\">A efecto de lo previsto en RGPD de 27 de abril de 2016, le informamos que los datos personales que se obtengan como consecuencia de su registro como Usuario, ser\u00e1n incorporados a un fichero titularidad de MOVIELCA ARANDA, S.L.L. con C.I.F B09345281 y domicilio en AVDA. LUIS MATEOS, 108, 09400 ARANDA DE DUERO- BURGOS teniendo implementadas las medidas de seguridad establecidas en el Real Decreto 1720\/2007, de 11 de junio.<\/span><\/span><\/span><\/p>\n<p><span style=\"color: #049cc1;\"><span style=\"font-family: Arial, serif;\"><span style=\"font-size: x-large;\"><b>Exactitud y veracidad de los datos facilitados<\/b><\/span><\/span><\/span><\/p>\n<p><span style=\"color: #303c49;\"><span style=\"font-family: Arial, serif;\"><span style=\"font-size: large;\">El Usuario es el \u00fanico responsable de la veracidad y correcci\u00f3n de los datos incluidos, exoner\u00e1ndose MOVIELCA ARANDA, S.L.L. de cualquier responsabilidad al respecto. Los usuarios garantizan y responden, en cualquier caso, de la exactitud, vigencia y autenticidad de los datos personales facilitados, y se comprometen a mantenerlos debidamente actualizados. El usuario acepta proporcionar informaci\u00f3n completa y correcta en el formulario de registro o suscripci\u00f3n. MOVIELCA ARANDA, S.L.L. no responde de la veracidad de las informaciones que no sean de elaboraci\u00f3n propia y de las que se indique otra fuente, por lo que tampoco asume responsabilidad alguna en cuanto a hipot\u00e9ticos perjuicios que pudieran originarse por el uso de dicha informaci\u00f3n. MOVIELCA ARANDA, S.L.L. se reserva el derecho a actualizar, modificar o eliminar la informaci\u00f3n contenida en sus p\u00e1ginas web pudiendo incluso limitar o no permitir el acceso a dicha informaci\u00f3n. Se exonera MOVIELCA ARANDA, S.L.L. de responsabilidad ante cualquier da\u00f1o o perjuicio que pudiera sufrir el Usuario como consecuencia de errores, defectos u omisiones, en la informaci\u00f3n facilitada por MOVIELCA ARANDA, S.L.L. siempre que proceda de fuentes ajenas a MOVIELCA ARANDA, S.L.L.<\/span><\/span><\/span><\/p>\n<p><span style=\"color: #049cc1;\"><span style=\"font-family: Arial, serif;\"><span style=\"font-size: x-large;\"><b>Cookies<\/b><\/span><\/span><\/span><\/p>\n<p><span style=\"color: #303c49;\"><span style=\"font-family: Arial, serif;\"><span style=\"font-size: large;\">El sitio www.red.maniberia.net\/movielca.es no utiliza cookies, considerando tales ficheros f\u00edsicos de informaci\u00f3n alojados en el propio terminal del usuario y sirven para facilitar la navegaci\u00f3n del usuario por el portal. De todas formas, el usuario tiene la posibilidad de configurar el navegador de tal modo que impida la instalaci\u00f3n de estos archivos.<\/span><\/span><\/span><\/p>\n<p><span style=\"color: #049cc1;\"><span style=\"font-family: Arial, serif;\"><span style=\"font-size: x-large;\"><b>Finalidades<\/b><\/span><\/span><\/span><\/p>\n<p><span style=\"color: #303c49;\"><span style=\"font-family: Arial, serif;\"><span style=\"font-size: large;\">Las finalidades de MOVIELCA ARANDA, S.L.L. son el mantenimiento y gesti\u00f3n de la relaci\u00f3n con el Usuario, as\u00ed como las labores de informaci\u00f3n.<\/span><\/span><\/span><\/p>\n<p><span style=\"color: #049cc1;\"><span style=\"font-family: Arial, serif;\"><span style=\"font-size: x-large;\"><b>Menores de edad<\/b><\/span><\/span><\/span><\/p>\n<p><span style=\"color: #303c49;\"><span style=\"font-family: Arial, serif;\"><span style=\"font-size: large;\">En el supuesto que algunos de nuestros servicios vayan dirigidos espec\u00edficamente a menores de edad, MOVIELCA ARANDA, S.L.L. solicitar\u00e1 la conformidad de los padres o tutores para la recogida de los datos personales o, en su caso, para el tratamiento automatizado de los datos.<\/span><\/span><\/span><\/p>\n<p><span style=\"color: #049cc1;\"><span style=\"font-family: Arial, serif;\"><span style=\"font-size: x-large;\"><b>Cesi\u00f3n de datos a terceros<\/b><\/span><\/span><\/span><\/p>\n<p><span style=\"color: #303c49;\"><span style=\"font-family: Arial, serif;\"><span style=\"font-size: large;\">MOVIELCA ARANDA, S.L.L. no realizar\u00e1 cesi\u00f3n de datos de los usuarios a terceros.<\/span><\/span><\/span><\/p>\n<p><span style=\"color: #049cc1;\"><span style=\"font-family: Arial, serif;\"><span style=\"font-size: x-large;\"><b>Ejercicio de derechos de acceso, rectificaci\u00f3n, cancelaci\u00f3n y oposici\u00f3n<\/b><\/span><\/span><\/span><\/p>\n<p><a name=\"_GoBack\"><\/a> <span style=\"color: #303c49;\"><span style=\"font-family: Arial, serif;\"><span style=\"font-size: large;\">Podr\u00e1 dirigir sus comunicaciones y ejercitar los derechos de acceso, rectificaci\u00f3n, supresi\u00f3n, limitaci\u00f3n, portabilidad y oposici\u00f3n en la direcci\u00f3n de Internet a www.red.maniberia.net\/movielca o bien por correo ordinario dirigido a MOVIELCA ARANDA, S.L.L. Ref. RGPD, en AVDA. LUIS MATEOS, 108, 09400 ARANDA DE DUERO, BURGOS<\/span><\/span><\/span><\/p>\n<p><span style=\"color: #303c49;\"><span style=\"font-family: Arial, serif;\"><span style=\"font-size: large;\">Para ejercer dichos derechos es necesario que usted acredite su personalidad frente a MOVIELCA ARANDA, S.L.L. mediante el env\u00edo de fotocopia de Documento Nacional de Identidad o cualquier otro medio v\u00e1lido en Derecho. No obstante, la modificaci\u00f3n o rectificaci\u00f3n de sus datos de registro se podr\u00e1 realizar en el propio Site identific\u00e1ndose, previamente, con su usuario y contrase\u00f1a.<\/span><\/span><\/span><\/p>\n<p><span style=\"color: #049cc1;\"><span style=\"font-family: Arial, serif;\"><span style=\"font-size: x-large;\"><b>Medidas de seguridad<\/b><\/span><\/span><\/span><\/p>\n<p><span style=\"color: #303c49;\"><span style=\"font-family: Arial, serif;\"><span style=\"font-size: large;\">MOVIELCA ARANDA, S.L.L. ha adoptado los niveles de seguridad de protecci\u00f3n de los Datos Personales legalmente requeridos, y procuran instalar aquellos otros medios y medidas t\u00e9cnicas adicionales a su alcance para evitar la p\u00e9rdida, mal uso, alteraci\u00f3n, acceso no autorizado y robo de los Datos Personales facilitados a MOVIELCA ARANDA, S.L.L. no ser\u00e1 responsable de posibles da\u00f1os o perjuicios que se pudieran derivar de interferencias, omisiones, interrupciones, virus inform\u00e1ticos, aver\u00edas telef\u00f3nicas o desconexiones en el funcionamiento operativo de este sistema electr\u00f3nico, motivadas por causas ajenas a MOVIELCA ARANDA, S.L.L; de retrasos o bloqueos en el uso del presente sistema electr\u00f3nico causados por deficiencias o sobrecargas de l\u00edneas telef\u00f3nicas o sobrecargas en el Centro de Procesos de Datos, en el sistema de Internet o en otros sistemas electr\u00f3nicos, as\u00ed como de da\u00f1os que puedan ser causados por terceras personas mediante intromisiones ileg\u00edtimas fuera del control de MOVIELCA ARANDA, S.L.L. Ello, no obstante, el Usuario debe ser consciente de que las medidas de seguridad en Internet no son inexpugnables.<\/span><\/span><\/span><\/p>\n<p><span style=\"color: #049cc1;\"><span style=\"font-family: Arial, serif;\"><span style=\"font-size: x-large;\"><b>Aceptaci\u00f3n y consentimiento<\/b><\/span><\/span><\/span><\/p>\n<p><span style=\"color: #303c49;\"><span style=\"font-family: Arial, serif;\"><span style=\"font-size: large;\">El usuario declara haber sido informado de las condiciones sobre protecci\u00f3n de datos personales, aceptando y consintiendo el tratamiento automatizado de los mismos por parte de MOVIELCA ARANDA, S.L.L. en la forma y para las finalidades indicadas en la presente Pol\u00edtica de Protecci\u00f3n de Datos Personales. Ciertos servicios prestados en el Portal pueden contener condiciones particulares con previsiones espec\u00edficas en materia de protecci\u00f3n de Datos Personales.<\/span><\/span><\/span><\/p>\n<p>&nbsp;<\/p>\n","protected":false},"excerpt":{"rendered":"<p>El presente aviso legal (en adelante, el \u201cAviso Legal\u201d) regula el uso del servicio del portal de Internet www.red.maniberia.net\/movielca (en adelante, el \u201cWeb\u201d) MOVIELCA ARANDA, S.L.L. con domicilio social en AVDA. LUIS MATEOS, 108, 09400 ARANDA DE DUERO-BURGOS con CIF B09345281. Legislaci\u00f3n Con car\u00e1cter general las relaciones entre MOVIELCA ARANDA, S.L.L. con los Usuarios de&#8230;  <a class=\"excerpt-read-more\" href=\"https:\/\/red.maniberia.net\/movielca\/aviso-legal\/\" title=\"Read: Aviso legal\">Read More<\/a><\/p>\n","protected":false},"author":1,"featured_media":0,"parent":0,"menu_order":0,"comment_status":"closed","ping_status":"closed","template":"","meta":[],"aioseo_notices":[],"_links":{"self":[{"href":"https:\/\/red.maniberia.net\/movielca\/wp-json\/wp\/v2\/pages\/97"}],"collection":[{"href":"https:\/\/red.maniberia.net\/movielca\/wp-json\/wp\/v2\/pages"}],"about":[{"href":"https:\/\/red.maniberia.net\/movielca\/wp-json\/wp\/v2\/types\/page"}],"author":[{"embeddable":true,"href":"https:\/\/red.maniberia.net\/movielca\/wp-json\/wp\/v2\/users\/1"}],"replies":[{"embeddable":true,"href":"https:\/\/red.maniberia.net\/movielca\/wp-json\/wp\/v2\/comments?post=97"}],"version-history":[{"count":2,"href":"https:\/\/red.maniberia.net\/movielca\/wp-json\/wp\/v2\/pages\/97\/revisions"}],"predecessor-version":[{"id":99,"href":"https:\/\/red.maniberia.net\/movielca\/wp-json\/wp\/v2\/pages\/97\/revisions\/99"}],"wp:attachment":[{"href":"https:\/\/red.maniberia.net\/movielca\/wp-json\/wp\/v2\/media?parent=97"}],"curies":[{"name":"wp","href":"https:\/\/api.w.org\/{rel}","templated":true}]}}