{"id":4,"date":"2019-10-11T12:45:16","date_gmt":"2019-10-11T12:45:16","guid":{"rendered":"https:\/\/red.maniberia.net\/movielca\/home\/"},"modified":"2019-10-21T14:13:23","modified_gmt":"2019-10-21T14:13:23","slug":"home","status":"publish","type":"page","link":"https:\/\/red.maniberia.net\/movielca\/","title":{"rendered":"Movielca Aranda S.L.L."},"content":{"rendered":"<p>MAN Truck &amp; Bus es uno de los fabricantes de veh\u00edculos industriales y de los proveedores de soluciones para el transporte l\u00edderes del sector en Europa. La satisfacci\u00f3n de nuestros clientes es fundamental para nosotros, por eso trabajamos desde la excelencia para ser su mejor socio y aportar la soluciones adecuadas a sus necesidades, tanto desde la venta como desde la postventa. Ofertas integrales y a medida de su negocio. Ponemos a su disposici\u00f3n a nuestro profesional equipo, que est\u00e1 en continua formaci\u00f3n. Los mejores asesores en soluciones de transporte.<\/p>\n<p><strong>Movielca Aranda<\/strong><strong>, S.L.L<\/strong> lleva instalada en Aranda de Duero desde el a\u00f1o 1.998. Cuenta con unas instalaciones recientemente reformadas de 3.000 metros cuadrados con 1.800 de taller.<br \/>\nAdem\u00e1s de ser Servicio Oficial MAN para Aranda, comarca y zona de influencia de provincias de Soria, Segovia y Valladolid, es Servicio Oficial de tac\u00f3grafos anal\u00f3gicos, digitales e inteligentes.<br \/>\nTambi\u00e9n contamos con servicios adicionales Pre-ITV, banco de rodillos, frenometro, alineado de direcci\u00f3n, recargas de Aire Acondicionado, sustituci\u00f3n de lunas, equipos de diagnosis, asistencia 24H con MAN Mobile 24 y reparaci\u00f3n y mantenimiento de plataformas.<\/p>\n<p>Contamos con los certificados de calidad IQNET ISO 9001:2015, Centro t\u00e9cnico de tac\u00f3grafos 66102:2017.<br \/>\nNuestro personal est\u00e1 en continua formaci\u00f3n para ofrecer el mejor servicio a sus clientes cada d\u00eda.<\/p>\n","protected":false},"excerpt":{"rendered":"<p>MAN Truck &amp; Bus es uno de los fabricantes de veh\u00edculos industriales y de los proveedores de soluciones para el transporte l\u00edderes del sector en Europa. La satisfacci\u00f3n de nuestros clientes es fundamental para nosotros, por eso trabajamos desde la excelencia para ser su mejor socio y aportar la soluciones adecuadas a sus necesidades, tanto&#8230;  <a class=\"excerpt-read-more\" href=\"https:\/\/red.maniberia.net\/movielca\/\" title=\"Read: Movielca Aranda S.L.L.\">Read More<\/a><\/p>\n","protected":false},"author":1,"featured_media":0,"parent":0,"menu_order":0,"comment_status":"closed","ping_status":"closed","template":"page-home.php","meta":[],"aioseo_notices":[],"_links":{"self":[{"href":"https:\/\/red.maniberia.net\/movielca\/wp-json\/wp\/v2\/pages\/4"}],"collection":[{"href":"https:\/\/red.maniberia.net\/movielca\/wp-json\/wp\/v2\/pages"}],"about":[{"href":"https:\/\/red.maniberia.net\/movielca\/wp-json\/wp\/v2\/types\/page"}],"author":[{"embeddable":true,"href":"https:\/\/red.maniberia.net\/movielca\/wp-json\/wp\/v2\/users\/1"}],"replies":[{"embeddable":true,"href":"https:\/\/red.maniberia.net\/movielca\/wp-json\/wp\/v2\/comments?post=4"}],"version-history":[{"count":3,"href":"https:\/\/red.maniberia.net\/movielca\/wp-json\/wp\/v2\/pages\/4\/revisions"}],"predecessor-version":[{"id":90,"href":"https:\/\/red.maniberia.net\/movielca\/wp-json\/wp\/v2\/pages\/4\/revisions\/90"}],"wp:attachment":[{"href":"https:\/\/red.maniberia.net\/movielca\/wp-json\/wp\/v2\/media?parent=4"}],"curies":[{"name":"wp","href":"https:\/\/api.w.org\/{rel}","templated":true}]}}