{"id":5,"date":"2018-05-23T10:26:26","date_gmt":"2018-05-23T10:26:26","guid":{"rendered":"https:\/\/red.maniberia.net\/man-truck-bus-center-malaga\/home\/"},"modified":"2018-07-04T10:36:26","modified_gmt":"2018-07-04T10:36:26","slug":"home","status":"publish","type":"page","link":"https:\/\/red.maniberia.net\/man-truck-bus-center-malaga\/","title":{"rendered":"MAN Truck &#038; Bus Iberia, S.A. unipersonal &#8211; Center M\u00e1laga"},"content":{"rendered":"<p>MAN Truck &amp; Bus es uno de los fabricantes de veh\u00edculos industriales y de los proveedores de soluciones para el transporte l\u00edderes del sector en Europa. La satisfacci\u00f3n de nuestros clientes es fundamental para nosotros, por eso trabajamos desde la excelencia para ser su mejor socio y aportar la soluciones adecuadas a sus necesidades, tanto desde la venta como desde la postventa. Ofertas integrales y a medida de su negocio. Ponemos a su disposici\u00f3n a nuestro profesional equipo, que est\u00e1 en continua formaci\u00f3n. Los mejores asesores en soluciones de transporte.<\/p>\n<p>En MAN Truck &amp; Bus Center M\u00e1laga tenemos nuestras instalaciones equipadas al m\u00e1ximo nivel tecnol\u00f3gico y contamos con el personal cualificado que mejor conoce su veh\u00edculo MAN y que trabaja con la m\u00e1xima excelencia para ayudarle en todo lo que necesite y lograr que su experiencia con nosotros sea lo m\u00e1s satisfactoria posible. Nos adaptamos a sus horarios, estando disponibles en una amplia franja de lunes a viernes y s\u00e1bados por la ma\u00f1ana.<\/p>\n<p>Con un amplio horario de trabajo de lunes a viernes y s\u00e1bados por la ma\u00f1ana, nos adaptamos al suyo para cubrir sus necesidades tanto en nuestras instalaciones como en las suyas.<\/p>\n<p>Nuestras instalaciones se encuentran situadas dentro del Centro de Transportes de Mercanc\u00edas de M\u00e1laga y cuentan con unos 1.800m<sup>2<\/sup> de zona de taller con 8 calles dobles de servicio, 800m<sup>2<\/sup> de almac\u00e9n de recambios y una amplia zona de exposici\u00f3n de veh\u00edculos nuevos y usados.<\/p>\n<p>Nuestro Center le ofrece todos lo necesario para hacerle su espera lo m\u00e1s c\u00f3moda y agradable posible. Tiene a su disposici\u00f3n una amplia zona de parking, una confortable sala de espera equipada con m\u00e1quinas de vending, televisi\u00f3n, zona WIFI gratuita, aire acondicionado, etc.<\/p>\n<p>\u00a1Vis\u00edtenos! Le atenderemos encantad@s.<\/p>\n","protected":false},"excerpt":{"rendered":"<p>MAN Truck &amp; Bus es uno de los fabricantes de veh\u00edculos industriales y de los proveedores de soluciones para el transporte l\u00edderes del sector en Europa. La satisfacci\u00f3n de nuestros clientes es fundamental para nosotros, por eso trabajamos desde la excelencia para ser su mejor socio y aportar la soluciones adecuadas a sus necesidades, tanto&#8230;  <a class=\"excerpt-read-more\" href=\"https:\/\/red.maniberia.net\/man-truck-bus-center-malaga\/\" title=\"Read: MAN Truck &#038; Bus Iberia, S.A. unipersonal &#8211; Center M\u00e1laga\">Read More<\/a><\/p>\n","protected":false},"author":1,"featured_media":0,"parent":0,"menu_order":0,"comment_status":"closed","ping_status":"closed","template":"page-home.php","meta":[],"aioseo_notices":[],"_links":{"self":[{"href":"https:\/\/red.maniberia.net\/man-truck-bus-center-malaga\/wp-json\/wp\/v2\/pages\/5"}],"collection":[{"href":"https:\/\/red.maniberia.net\/man-truck-bus-center-malaga\/wp-json\/wp\/v2\/pages"}],"about":[{"href":"https:\/\/red.maniberia.net\/man-truck-bus-center-malaga\/wp-json\/wp\/v2\/types\/page"}],"author":[{"embeddable":true,"href":"https:\/\/red.maniberia.net\/man-truck-bus-center-malaga\/wp-json\/wp\/v2\/users\/1"}],"replies":[{"embeddable":true,"href":"https:\/\/red.maniberia.net\/man-truck-bus-center-malaga\/wp-json\/wp\/v2\/comments?post=5"}],"version-history":[{"count":8,"href":"https:\/\/red.maniberia.net\/man-truck-bus-center-malaga\/wp-json\/wp\/v2\/pages\/5\/revisions"}],"predecessor-version":[{"id":229,"href":"https:\/\/red.maniberia.net\/man-truck-bus-center-malaga\/wp-json\/wp\/v2\/pages\/5\/revisions\/229"}],"wp:attachment":[{"href":"https:\/\/red.maniberia.net\/man-truck-bus-center-malaga\/wp-json\/wp\/v2\/media?parent=5"}],"curies":[{"name":"wp","href":"https:\/\/api.w.org\/{rel}","templated":true}]}}