{"id":4,"date":"2018-02-12T15:06:59","date_gmt":"2018-02-12T15:06:59","guid":{"rendered":"https:\/\/red.maniberia.net\/abra-motor\/home\/"},"modified":"2019-10-02T13:31:38","modified_gmt":"2019-10-02T13:31:38","slug":"home","status":"publish","type":"page","link":"https:\/\/red.maniberia.net\/man-truck-bus-center-bilbao\/","title":{"rendered":"MAN Truck &#038; Bus Center Bilbao"},"content":{"rendered":"<p>MAN Truck &amp; Bus es uno de los fabricantes de veh\u00edculos industriales y de los proveedores de soluciones para el transporte l\u00edderes del sector en Europa. La satisfacci\u00f3n de nuestros clientes es fundamental para nosotros, por eso trabajamos desde la excelencia para ser su mejor socio y aportar la soluciones adecuadas a sus necesidades, tanto desde la venta como desde la postventa. Ofertas integrales y a medida de su negocio. Ponemos a su disposici\u00f3n a nuestro profesional equipo, que est\u00e1 en continua formaci\u00f3n. Los mejores asesores en soluciones de transporte.<\/p>\n<p><strong>MAN Truck &amp; Bus Center Bilbao<\/strong> es su taller de referencia en Vizcaya. Modernas instalaciones en el \u00e1rea del transporte de la provincia, cercano al puerto de Bilbao y con inmejorables comunicaciones.<\/p>\n<p>Nuestro equipo de profesionales en formaci\u00f3n continua les asesorar\u00e1 en todo lo que necesiten. No dude en visitarnos, \u00a1le estamos esperando!<\/p>\n","protected":false},"excerpt":{"rendered":"<p>MAN Truck &amp; Bus es uno de los fabricantes de veh\u00edculos industriales y de los proveedores de soluciones para el transporte l\u00edderes del sector en Europa. La satisfacci\u00f3n de nuestros clientes es fundamental para nosotros, por eso trabajamos desde la excelencia para ser su mejor socio y aportar la soluciones adecuadas a sus necesidades, tanto&#8230;  <a class=\"excerpt-read-more\" href=\"https:\/\/red.maniberia.net\/man-truck-bus-center-bilbao\/\" title=\"Read: MAN Truck &#038; Bus Center Bilbao\">Read More<\/a><\/p>\n","protected":false},"author":1,"featured_media":0,"parent":0,"menu_order":0,"comment_status":"closed","ping_status":"closed","template":"page-home.php","meta":[],"aioseo_notices":[],"_links":{"self":[{"href":"https:\/\/red.maniberia.net\/man-truck-bus-center-bilbao\/wp-json\/wp\/v2\/pages\/4"}],"collection":[{"href":"https:\/\/red.maniberia.net\/man-truck-bus-center-bilbao\/wp-json\/wp\/v2\/pages"}],"about":[{"href":"https:\/\/red.maniberia.net\/man-truck-bus-center-bilbao\/wp-json\/wp\/v2\/types\/page"}],"author":[{"embeddable":true,"href":"https:\/\/red.maniberia.net\/man-truck-bus-center-bilbao\/wp-json\/wp\/v2\/users\/1"}],"replies":[{"embeddable":true,"href":"https:\/\/red.maniberia.net\/man-truck-bus-center-bilbao\/wp-json\/wp\/v2\/comments?post=4"}],"version-history":[{"count":10,"href":"https:\/\/red.maniberia.net\/man-truck-bus-center-bilbao\/wp-json\/wp\/v2\/pages\/4\/revisions"}],"predecessor-version":[{"id":119,"href":"https:\/\/red.maniberia.net\/man-truck-bus-center-bilbao\/wp-json\/wp\/v2\/pages\/4\/revisions\/119"}],"wp:attachment":[{"href":"https:\/\/red.maniberia.net\/man-truck-bus-center-bilbao\/wp-json\/wp\/v2\/media?parent=4"}],"curies":[{"name":"wp","href":"https:\/\/api.w.org\/{rel}","templated":true}]}}