{"id":4,"date":"2020-03-19T16:44:31","date_gmt":"2020-03-19T16:44:31","guid":{"rendered":"https:\/\/red.maniberia.net\/man-center-norte\/home\/"},"modified":"2020-03-23T17:14:17","modified_gmt":"2020-03-23T17:14:17","slug":"home","status":"publish","type":"page","link":"https:\/\/red.maniberia.net\/man-center-norte\/","title":{"rendered":"MAN Truck &#038; Bus Center NORTE"},"content":{"rendered":"<p>MAN Truck &amp; Bus es uno de los fabricantes de veh\u00edculos industriales y de los proveedores de soluciones para el transporte l\u00edderes del sector en Europa. La satisfacci\u00f3n de nuestros clientes es fundamental para nosotros, por eso trabajamos desde la excelencia para ser su mejor socio y aportar la soluciones adecuadas a sus necesidades, tanto desde la venta como desde la postventa. Ofertas integrales y a medida de su negocio. Ponemos a su disposici\u00f3n a nuestro profesional equipo, que est\u00e1 en continua formaci\u00f3n. Los mejores asesores en soluciones de transporte.<\/p>\n<p>En <strong>MAN Truck &amp; Bus Center NORTE<\/strong> trabajamos siempre por la satisfacci\u00f3n de nuestros clientes. Avalados por nuestra dilatada trayectoria en el sector, tanto en buses como en camiones.<\/p>\n","protected":false},"excerpt":{"rendered":"<p>MAN Truck &amp; Bus es uno de los fabricantes de veh\u00edculos industriales y de los proveedores de soluciones para el transporte l\u00edderes del sector en Europa. La satisfacci\u00f3n de nuestros clientes es fundamental para nosotros, por eso trabajamos desde la excelencia para ser su mejor socio y aportar la soluciones adecuadas a sus necesidades, tanto&#8230;  <a class=\"excerpt-read-more\" href=\"https:\/\/red.maniberia.net\/man-center-norte\/\" title=\"Read: MAN Truck &#038; Bus Center NORTE\">Read More<\/a><\/p>\n","protected":false},"author":1,"featured_media":0,"parent":0,"menu_order":0,"comment_status":"closed","ping_status":"closed","template":"page-home.php","meta":[],"aioseo_notices":[],"_links":{"self":[{"href":"https:\/\/red.maniberia.net\/man-center-norte\/wp-json\/wp\/v2\/pages\/4"}],"collection":[{"href":"https:\/\/red.maniberia.net\/man-center-norte\/wp-json\/wp\/v2\/pages"}],"about":[{"href":"https:\/\/red.maniberia.net\/man-center-norte\/wp-json\/wp\/v2\/types\/page"}],"author":[{"embeddable":true,"href":"https:\/\/red.maniberia.net\/man-center-norte\/wp-json\/wp\/v2\/users\/1"}],"replies":[{"embeddable":true,"href":"https:\/\/red.maniberia.net\/man-center-norte\/wp-json\/wp\/v2\/comments?post=4"}],"version-history":[{"count":3,"href":"https:\/\/red.maniberia.net\/man-center-norte\/wp-json\/wp\/v2\/pages\/4\/revisions"}],"predecessor-version":[{"id":107,"href":"https:\/\/red.maniberia.net\/man-center-norte\/wp-json\/wp\/v2\/pages\/4\/revisions\/107"}],"wp:attachment":[{"href":"https:\/\/red.maniberia.net\/man-center-norte\/wp-json\/wp\/v2\/media?parent=4"}],"curies":[{"name":"wp","href":"https:\/\/api.w.org\/{rel}","templated":true}]}}