{"id":4,"date":"2018-11-05T16:13:30","date_gmt":"2018-11-05T16:13:30","guid":{"rendered":"https:\/\/red.maniberia.net\/lizaga\/home\/"},"modified":"2018-11-27T12:37:02","modified_gmt":"2018-11-27T12:37:02","slug":"home","status":"publish","type":"page","link":"https:\/\/red.maniberia.net\/lizaga\/","title":{"rendered":"Lizaga"},"content":{"rendered":"<p>MAN Truck &amp; Bus es uno de los fabricantes de veh\u00edculos industriales y de los proveedores de soluciones para el transporte l\u00edderes del sector en Europa. La satisfacci\u00f3n de nuestros clientes es fundamental para nosotros, por eso trabajamos desde la excelencia para ser su mejor socio y aportar la soluciones adecuadas a sus necesidades, tanto desde la venta como desde la postventa. Ofertas integrales y a medida de su negocio. Ponemos a su disposici\u00f3n a nuestro profesional equipo, que est\u00e1 en continua formaci\u00f3n. Los mejores asesores en soluciones de transporte.<\/p>\n<p>\u00a1Bienvenidos \u00a0a Lizaga, S.A.! Con m\u00e1s de 60 a\u00f1os en el sector, Lizaga, S.A. goza de un reconocido prestigio en el mundo del veh\u00edculo industrial. Los 15.000 m2 de superficie nos otorgan unas condiciones id\u00f3neas para desarrollar nuestra actividad, que comprende: venta de Veh\u00edculos Nuevos, venta de Veh\u00edculos de Ocasi\u00f3n, venta de Recambios Originales MAN. Somos Taller Oficial MAN de 1\u00aa Categor\u00eda en la provincia de Zaragoza.<\/p>\n<p>Persiguiendo el objetivo de ser l\u00edderes en el sector de venta y reparaci\u00f3n de veh\u00edculos industriales, no olvidamos que la base de nuestro \u00e9xito es entender y satisfacer las necesidades de nuestros clientes, d\u00e1ndoles un servicio integral que facilite el buen funcionamiento de su negocio. Para ello tenemos instalaciones con las \u00faltimas innovaciones en diagnosis y t\u00e9cnicas de reparaci\u00f3n y mantenimiento, profesionales preparados y en constante formaci\u00f3n, servicios complementarios y soluciones \u00e1giles como el nuevo servicio de cita previa. En Lizaga, S.A. tenemos m\u00e1s de 10.000 conductores satisfechos y sumando nuevos clientes cada d\u00eda\u2026<\/p>\n<p>S\u00ed necesita adquirir un veh\u00edculo nuevo, vis\u00edtenos y le asesoramos. Tambi\u00e9n disponemos de una gran selecci\u00f3n de veh\u00edculos usados. Le ofrecemos m\u00e1xima calidad en los servicios de taller y recambios. Aprov\u00e9chese de las incre\u00edbles campa\u00f1as de ofertas en recambios que tenemos preparadas para usted.<\/p>\n<p>En Lizaga encontrar\u00e1 todos los servicios que necesita para su herramienta de trabajo. Nos distingue la profesionalidad, la eficiencia y el atento trato al cliente.<\/p>\n<p>Lizaga, S.A., su MAN Truck &amp; Bus Center \u00a0de confianza.<\/p>\n<p>\u00a1Vis\u00edtenos!<\/p>\n","protected":false},"excerpt":{"rendered":"<p>MAN Truck &amp; Bus es uno de los fabricantes de veh\u00edculos industriales y de los proveedores de soluciones para el transporte l\u00edderes del sector en Europa. La satisfacci\u00f3n de nuestros clientes es fundamental para nosotros, por eso trabajamos desde la excelencia para ser su mejor socio y aportar la soluciones adecuadas a sus necesidades, tanto&#8230;  <a class=\"excerpt-read-more\" href=\"https:\/\/red.maniberia.net\/lizaga\/\" title=\"Read: Lizaga\">Read More<\/a><\/p>\n","protected":false},"author":1,"featured_media":0,"parent":0,"menu_order":0,"comment_status":"closed","ping_status":"closed","template":"page-home.php","meta":[],"aioseo_notices":[],"_links":{"self":[{"href":"https:\/\/red.maniberia.net\/lizaga\/wp-json\/wp\/v2\/pages\/4"}],"collection":[{"href":"https:\/\/red.maniberia.net\/lizaga\/wp-json\/wp\/v2\/pages"}],"about":[{"href":"https:\/\/red.maniberia.net\/lizaga\/wp-json\/wp\/v2\/types\/page"}],"author":[{"embeddable":true,"href":"https:\/\/red.maniberia.net\/lizaga\/wp-json\/wp\/v2\/users\/1"}],"replies":[{"embeddable":true,"href":"https:\/\/red.maniberia.net\/lizaga\/wp-json\/wp\/v2\/comments?post=4"}],"version-history":[{"count":4,"href":"https:\/\/red.maniberia.net\/lizaga\/wp-json\/wp\/v2\/pages\/4\/revisions"}],"predecessor-version":[{"id":101,"href":"https:\/\/red.maniberia.net\/lizaga\/wp-json\/wp\/v2\/pages\/4\/revisions\/101"}],"wp:attachment":[{"href":"https:\/\/red.maniberia.net\/lizaga\/wp-json\/wp\/v2\/media?parent=4"}],"curies":[{"name":"wp","href":"https:\/\/api.w.org\/{rel}","templated":true}]}}