{"id":4,"date":"2021-05-12T13:37:44","date_gmt":"2021-05-12T13:37:44","guid":{"rendered":"https:\/\/red.maniberia.net\/lemauto-valladolid\/home\/"},"modified":"2023-10-23T10:00:17","modified_gmt":"2023-10-23T10:00:17","slug":"home","status":"publish","type":"page","link":"https:\/\/red.maniberia.net\/lemauto-valladolid\/","title":{"rendered":"Lemauto Valladolid"},"content":{"rendered":"<p>MAN Truck &amp; Bus es uno de los fabricantes de veh\u00edculos industriales y de los proveedores de soluciones para el transporte l\u00edderes del sector en Europa. La satisfacci\u00f3n de nuestros clientes es fundamental para nosotros, por eso trabajamos desde la excelencia para ser su mejor socio y aportar la soluciones adecuadas a sus necesidades, tanto desde la venta como desde la postventa. Ofertas integrales y a medida de su negocio. Ponemos a su disposici\u00f3n a nuestro profesional equipo, que est\u00e1 en continua formaci\u00f3n. Los mejores asesores en soluciones de transporte.<\/p>\n<p><strong>Lemauto, S.A<\/strong>. es una empresa fundada por la familia Rodr\u00edguez Gonz\u00e1lez. Desde 1992 es Concesionario oficial de la marca MAN para la provincia de Le\u00f3n. A\u00f1os m\u00e1s tarde Lemauto, S.A. ampliar\u00eda su \u00e1mbito de acci\u00f3n a la provincia de Zamora.<\/p>\n<p>Fechas destacadas en la trayectoria de Lemauto S.A. y MAN Truck &amp; Bus:<\/p>\n<p>1992 Lemauto, S.A. es nombrada Concesionario oficial de MAN para la provincia de Le\u00f3n<\/p>\n<p>1998 Lemauto, S.A. crea su filial Lemauto Bierzo para dar servicio a la comarca del Bierzo<\/p>\n<p>2006 Lemauto, S.A. inaugura sus nuevas instalaciones en Le\u00f3n<\/p>\n<p>2007 Lemauto, S.A. inaugura sus instalaciones en Benavente (Zamora)<\/p>\n<p>2011 Lemauto, S.A. transforma sus instalaciones de Lemauto Bierzo<\/p>\n<p>2021 Lemauto, S.A. se hace cargo del concesionario de Palencia y Valladolid.<\/p>\n<h2>Otros Center y Service de Lemauto<\/h2>\n<p><a href=\"https:\/\/red.maniberia.net\/lemauto-leon\/\">Lemauto Le\u00f3n<\/a><\/p>\n<p><a href=\"https:\/\/red.maniberia.net\/lemauto-bierzo\/\">Lemauto Bierzo<\/a><\/p>\n<p><a href=\"https:\/\/red.maniberia.net\/lemauto-benavente\/\">Lemauto Benavente<\/a><\/p>\n<p><a href=\"https:\/\/red.maniberia.net\/lemauto-salamanca\/\">Lemauto Salamanca<\/a><\/p>\n","protected":false},"excerpt":{"rendered":"<p>MAN Truck &amp; Bus es uno de los fabricantes de veh\u00edculos industriales y de los proveedores de soluciones para el transporte l\u00edderes del sector en Europa. La satisfacci\u00f3n de nuestros clientes es fundamental para nosotros, por eso trabajamos desde la excelencia para ser su mejor socio y aportar la soluciones adecuadas a sus necesidades, tanto&#8230;  <a class=\"excerpt-read-more\" href=\"https:\/\/red.maniberia.net\/lemauto-valladolid\/\" title=\"Read: Lemauto Valladolid\">Read More<\/a><\/p>\n","protected":false},"author":1,"featured_media":0,"parent":0,"menu_order":0,"comment_status":"closed","ping_status":"closed","template":"page-home.php","meta":[],"aioseo_notices":[],"_links":{"self":[{"href":"https:\/\/red.maniberia.net\/lemauto-valladolid\/wp-json\/wp\/v2\/pages\/4"}],"collection":[{"href":"https:\/\/red.maniberia.net\/lemauto-valladolid\/wp-json\/wp\/v2\/pages"}],"about":[{"href":"https:\/\/red.maniberia.net\/lemauto-valladolid\/wp-json\/wp\/v2\/types\/page"}],"author":[{"embeddable":true,"href":"https:\/\/red.maniberia.net\/lemauto-valladolid\/wp-json\/wp\/v2\/users\/1"}],"replies":[{"embeddable":true,"href":"https:\/\/red.maniberia.net\/lemauto-valladolid\/wp-json\/wp\/v2\/comments?post=4"}],"version-history":[{"count":5,"href":"https:\/\/red.maniberia.net\/lemauto-valladolid\/wp-json\/wp\/v2\/pages\/4\/revisions"}],"predecessor-version":[{"id":115,"href":"https:\/\/red.maniberia.net\/lemauto-valladolid\/wp-json\/wp\/v2\/pages\/4\/revisions\/115"}],"wp:attachment":[{"href":"https:\/\/red.maniberia.net\/lemauto-valladolid\/wp-json\/wp\/v2\/media?parent=4"}],"curies":[{"name":"wp","href":"https:\/\/api.w.org\/{rel}","templated":true}]}}