{"id":4,"date":"2019-05-29T08:30:43","date_gmt":"2019-05-29T08:30:43","guid":{"rendered":"https:\/\/red.maniberia.net\/dalonga\/home\/"},"modified":"2021-07-01T09:37:39","modified_gmt":"2021-07-01T09:37:39","slug":"home","status":"publish","type":"page","link":"https:\/\/red.maniberia.net\/dalonga\/","title":{"rendered":"Dalonga, S.A."},"content":{"rendered":"<p>MAN Truck &amp; Bus es uno de los fabricantes de veh\u00edculos industriales y de los proveedores de soluciones para el transporte l\u00edderes del sector en Europa. La satisfacci\u00f3n de nuestros clientes es fundamental para nosotros, por eso trabajamos desde la excelencia para ser su mejor socio y aportar la soluciones adecuadas a sus necesidades, tanto desde la venta como desde la postventa. Ofertas integrales y a medida de su negocio. Ponemos a su disposici\u00f3n a nuestro profesional equipo, que est\u00e1 en continua formaci\u00f3n. Los mejores asesores en soluciones de transporte.<\/p>\n<p><strong>Dalonga, S.A.<\/strong>\u00a0es su MAN Truck &amp; Bus Service en el norte de la provincia de Pontevedra.<\/p>\n<p>En sus m\u00e1s de 8.000 m<sup>2<\/sup>\u00a0de instalaciones, 1.600m<sup>2<\/sup>\u00a0de taller y 400m<sup>2<\/sup>\u00a0de oficinas, le ofrecemos servicios de reparaci\u00f3n para camiones, autobuses y semirremolques.<\/p>\n<p>Nuestro equipo de profesionales estar\u00e1 encantado de atenderle.<\/p>\n<p>\u00a1Le esperamos!<\/p>\n<p>&nbsp;<\/p>\n","protected":false},"excerpt":{"rendered":"<p>MAN Truck &amp; Bus es uno de los fabricantes de veh\u00edculos industriales y de los proveedores de soluciones para el transporte l\u00edderes del sector en Europa. La satisfacci\u00f3n de nuestros clientes es fundamental para nosotros, por eso trabajamos desde la excelencia para ser su mejor socio y aportar la soluciones adecuadas a sus necesidades, tanto&#8230;  <a class=\"excerpt-read-more\" href=\"https:\/\/red.maniberia.net\/dalonga\/\" title=\"Read: Dalonga, S.A.\">Read More<\/a><\/p>\n","protected":false},"author":1,"featured_media":0,"parent":0,"menu_order":0,"comment_status":"closed","ping_status":"closed","template":"page-home.php","meta":[],"aioseo_notices":[],"_links":{"self":[{"href":"https:\/\/red.maniberia.net\/dalonga\/wp-json\/wp\/v2\/pages\/4"}],"collection":[{"href":"https:\/\/red.maniberia.net\/dalonga\/wp-json\/wp\/v2\/pages"}],"about":[{"href":"https:\/\/red.maniberia.net\/dalonga\/wp-json\/wp\/v2\/types\/page"}],"author":[{"embeddable":true,"href":"https:\/\/red.maniberia.net\/dalonga\/wp-json\/wp\/v2\/users\/1"}],"replies":[{"embeddable":true,"href":"https:\/\/red.maniberia.net\/dalonga\/wp-json\/wp\/v2\/comments?post=4"}],"version-history":[{"count":4,"href":"https:\/\/red.maniberia.net\/dalonga\/wp-json\/wp\/v2\/pages\/4\/revisions"}],"predecessor-version":[{"id":121,"href":"https:\/\/red.maniberia.net\/dalonga\/wp-json\/wp\/v2\/pages\/4\/revisions\/121"}],"wp:attachment":[{"href":"https:\/\/red.maniberia.net\/dalonga\/wp-json\/wp\/v2\/media?parent=4"}],"curies":[{"name":"wp","href":"https:\/\/api.w.org\/{rel}","templated":true}]}}