{"id":4,"date":"2019-01-14T09:56:28","date_gmt":"2019-01-14T09:56:28","guid":{"rendered":"https:\/\/red.maniberia.net\/comatrasa-getafe\/home\/"},"modified":"2019-01-23T11:14:58","modified_gmt":"2019-01-23T11:14:58","slug":"home","status":"publish","type":"page","link":"https:\/\/red.maniberia.net\/comatrasa-getafe\/","title":{"rendered":"Comatrasa (Getafe)"},"content":{"rendered":"<p>MAN Truck &amp; Bus es uno de los fabricantes de veh\u00edculos industriales y de los proveedores de soluciones para el transporte l\u00edderes del sector en Europa. La satisfacci\u00f3n de nuestros clientes es fundamental para nosotros, por eso trabajamos desde la excelencia para ser su mejor socio y aportar la soluciones adecuadas a sus necesidades, tanto desde la venta como desde la postventa. Ofertas integrales y a medida de su negocio. Ponemos a su disposici\u00f3n a nuestro profesional equipo, que est\u00e1 en continua formaci\u00f3n. Los mejores asesores en soluciones de transporte.<\/p>\n<p><strong>Comatrasa<\/strong> es su MAN &amp; Truck Bus Center en provincia de Madrid. Este Center es un Sin\u00f3nimo de eficiencia, innovaci\u00f3n y durabilidad desde hace m\u00e1s de 30 a\u00f1os.<\/p>\n<p>Si usted tiene un veh\u00edculo MAN o piensa adquirir uno, en Comatrasa ponemos a su disposici\u00f3n servicios previos y de Post-Venta completos.\u00a0Le ofrecemos los servicios de venta, Post-Venta, mantenimiento, reparaciones, accesorios, chapa y pintura, ampliaciones de garant\u00eda, etc.<br \/>\nPonemos a su disposici\u00f3n un\u00a0veh\u00edculo de sustituci\u00f3n, cuando su veh\u00edculo se queda en nuestras instalaciones.<\/p>\n<p>Nuestro equipo de profesionales estar\u00e1 encantado de atenderle.<\/p>\n<h2>Otros Center y Service de Comatrasa<\/h2>\n<p><a href=\"https:\/\/red.maniberia.net\/comatrasa-azuqueca\/\">Comatrasa (Azuqueca de Henares)<\/a><\/p>\n","protected":false},"excerpt":{"rendered":"<p>MAN Truck &amp; Bus es uno de los fabricantes de veh\u00edculos industriales y de los proveedores de soluciones para el transporte l\u00edderes del sector en Europa. La satisfacci\u00f3n de nuestros clientes es fundamental para nosotros, por eso trabajamos desde la excelencia para ser su mejor socio y aportar la soluciones adecuadas a sus necesidades, tanto&#8230;  <a class=\"excerpt-read-more\" href=\"https:\/\/red.maniberia.net\/comatrasa-getafe\/\" title=\"Read: Comatrasa (Getafe)\">Read More<\/a><\/p>\n","protected":false},"author":1,"featured_media":0,"parent":0,"menu_order":0,"comment_status":"closed","ping_status":"closed","template":"page-home.php","meta":[],"aioseo_notices":[],"_links":{"self":[{"href":"https:\/\/red.maniberia.net\/comatrasa-getafe\/wp-json\/wp\/v2\/pages\/4"}],"collection":[{"href":"https:\/\/red.maniberia.net\/comatrasa-getafe\/wp-json\/wp\/v2\/pages"}],"about":[{"href":"https:\/\/red.maniberia.net\/comatrasa-getafe\/wp-json\/wp\/v2\/types\/page"}],"author":[{"embeddable":true,"href":"https:\/\/red.maniberia.net\/comatrasa-getafe\/wp-json\/wp\/v2\/users\/1"}],"replies":[{"embeddable":true,"href":"https:\/\/red.maniberia.net\/comatrasa-getafe\/wp-json\/wp\/v2\/comments?post=4"}],"version-history":[{"count":4,"href":"https:\/\/red.maniberia.net\/comatrasa-getafe\/wp-json\/wp\/v2\/pages\/4\/revisions"}],"predecessor-version":[{"id":104,"href":"https:\/\/red.maniberia.net\/comatrasa-getafe\/wp-json\/wp\/v2\/pages\/4\/revisions\/104"}],"wp:attachment":[{"href":"https:\/\/red.maniberia.net\/comatrasa-getafe\/wp-json\/wp\/v2\/media?parent=4"}],"curies":[{"name":"wp","href":"https:\/\/api.w.org\/{rel}","templated":true}]}}