{"id":116,"date":"2020-02-20T16:28:41","date_gmt":"2020-02-20T16:28:41","guid":{"rendered":"https:\/\/red.maniberia.net\/comatrasa-azuqueca\/?page_id=116"},"modified":"2020-02-20T16:28:41","modified_gmt":"2020-02-20T16:28:41","slug":"aviso-legal","status":"publish","type":"page","link":"https:\/\/red.maniberia.net\/comatrasa-azuqueca\/aviso-legal\/","title":{"rendered":"Aviso legal"},"content":{"rendered":"<p>&nbsp;<\/p>\n<table width=\"568\" cellspacing=\"0\" cellpadding=\"8\" bgcolor=\"#eaebec\">\n<colgroup>\n<col width=\"97\" \/>\n<col width=\"439\" \/> <\/colgroup>\n<thead>\n<tr>\n<td style=\"background: #ededed;\" colspan=\"2\" valign=\"bottom\" bgcolor=\"#ededed\" width=\"551\" height=\"16\"><span style=\"color: #2e2e2e;\"><span style=\"font-family: Roboto, serif;\"><span style=\"font-size: small;\"><b>RESPONSABLE DE SUS DATOS<\/b><\/span><\/span><\/span><\/td>\n<\/tr>\n<\/thead>\n<tbody>\n<tr valign=\"top\">\n<td style=\"background: #fafafa;\" bgcolor=\"#fafafa\" width=\"97\" height=\"30\"><span style=\"color: #2e2e2e;\"><span style=\"font-family: Roboto, serif;\"><span style=\"font-size: small;\"><b>Identidad<\/b><\/span><\/span><\/span><\/td>\n<td style=\"background: #fafafa;\" bgcolor=\"#fafafa\" width=\"439\"><span style=\"color: #2d2d2d;\"><span style=\"font-family: Roboto, serif;\"><span style=\"font-size: small;\">COMERCIAL MADRILE\u00d1A VEH\u00cdCULOS TRANSPORTE S.A. con CIF A-78301892 (en adelante COMATRASA)<\/span><\/span><\/span><\/td>\n<\/tr>\n<tr valign=\"top\">\n<td style=\"background: #fafafa;\" bgcolor=\"#fafafa\" width=\"97\" height=\"15\"><span style=\"color: #2e2e2e;\"><span style=\"font-family: Roboto, serif;\"><span style=\"font-size: small;\"><b>Contacto<\/b><\/span><\/span><\/span><\/td>\n<td style=\"background: #fafafa;\" bgcolor=\"#fafafa\" width=\"439\"><span style=\"color: #2d2d2d;\"><span style=\"font-family: Roboto, serif;\"><span style=\"font-size: small;\">Calle Erat\u00f3stenes, 13, Getafe (28906) Madrid, Tel.: 916968811, comatra@comatrasa.es<\/span><\/span><\/span><\/td>\n<\/tr>\n<tr valign=\"top\">\n<td style=\"background: #fafafa;\" bgcolor=\"#fafafa\" width=\"97\" height=\"45\"><span style=\"color: #2e2e2e;\"><span style=\"font-family: Roboto, serif;\"><span style=\"font-size: small;\"><b>Finalidad<\/b><\/span><\/span><\/span><\/td>\n<td style=\"background: #fafafa;\" bgcolor=\"#fafafa\" width=\"439\"><span style=\"color: #2d2d2d;\"><span style=\"font-family: Roboto, serif;\"><span style=\"font-size: small;\">Gesti\u00f3n propia de la empresa que incluye las siguientes finalidades: Gesti\u00f3n administrativa, gesti\u00f3n fiscal y contable, prestaci\u00f3n de servicios, relaci\u00f3n contractual con los clientes, gesti\u00f3n comercial as\u00ed como la realizaci\u00f3n de entrevistas \/ encuestas de satisfacci\u00f3n.<\/span><\/span><\/span><\/td>\n<\/tr>\n<tr valign=\"top\">\n<td style=\"background: #fafafa;\" bgcolor=\"#fafafa\" width=\"97\" height=\"15\"><span style=\"color: #2e2e2e;\"><span style=\"font-family: Roboto, serif;\"><span style=\"font-size: small;\"><b>Legitimaci\u00f3n<\/b><\/span><\/span><\/span><\/td>\n<td style=\"background: #fafafa;\" bgcolor=\"#fafafa\" width=\"439\"><span style=\"color: #2d2d2d;\"><span style=\"font-family: Roboto, serif;\"><span style=\"font-size: small;\">Consentimiento del interesado.<\/span><\/span><\/span><\/td>\n<\/tr>\n<tr valign=\"top\">\n<td style=\"background: #fafafa;\" bgcolor=\"#fafafa\" width=\"97\" height=\"30\"><span style=\"color: #2e2e2e;\"><span style=\"font-family: Roboto, serif;\"><span style=\"font-size: small;\"><b>Destinatarios<\/b><\/span><\/span><\/span><\/td>\n<td style=\"background: #fafafa;\" bgcolor=\"#fafafa\" width=\"439\"><span style=\"color: #2d2d2d;\"><span style=\"font-family: Roboto, serif;\"><span style=\"font-size: small;\">Administraciones y organismos p\u00fablicos competentes, Agencia Tributaria, MAN Truck &amp; BUS S.A.U., MAN Truck &amp; Bus A.G.<\/span><\/span><\/span><\/td>\n<\/tr>\n<tr valign=\"top\">\n<td style=\"background: #fafafa;\" bgcolor=\"#fafafa\" width=\"97\" height=\"30\"><span style=\"color: #2e2e2e;\"><span style=\"font-family: Roboto, serif;\"><span style=\"font-size: small;\"><b>Derechos<\/b><\/span><\/span><\/span><\/td>\n<td style=\"background: #fafafa;\" bgcolor=\"#fafafa\" width=\"439\"><span style=\"color: #2d2d2d;\"><span style=\"font-family: Roboto, serif;\"><span style=\"font-size: small;\">Derechos de Acceso, Rectificaci\u00f3n y Supresi\u00f3n, Limitaci\u00f3n del tratamiento, Portabilidad, as\u00ed como otros derechos detallados en la informaci\u00f3n adicional sobre protecci\u00f3n de datos personales.<\/span><\/span><\/span><\/td>\n<\/tr>\n<tr valign=\"top\">\n<td style=\"background: #fafafa;\" bgcolor=\"#fafafa\" width=\"97\" height=\"59\"><span style=\"color: #2e2e2e;\"><span style=\"font-family: Roboto, serif;\"><span style=\"font-size: small;\"><b>Info. adicional<\/b><\/span><\/span><\/span><\/td>\n<td style=\"background: #fafafa;\" bgcolor=\"#fafafa\" width=\"439\"><span style=\"color: #2d2d2d;\"><span style=\"font-family: Roboto, serif;\"><span style=\"font-size: small;\">Si desea obtener una informaci\u00f3n m\u00e1s amplia y detallada sobre nuestra pol\u00edtica de Protecci\u00f3n de Datos Personales, estamos encantados de facilit\u00e1rsela a trav\u00e9s del apartado \u201d<\/span><\/span><\/span><span style=\"color: #999999;\"><span style=\"font-family: Roboto, serif;\"><span style=\"font-size: small;\"><u><b>pol\u00edtica de protecci\u00f3n de datos<\/b><\/u><\/span><\/span><\/span><span style=\"color: #2d2d2d;\"><span style=\"font-family: Roboto, serif;\"><span style=\"font-size: small;\">\u201d en nuestra web o solicitando una informaci\u00f3n ampliada a la direcci\u00f3n de correo electr\u00f3nico: comatra@comatrasa.es<\/span><\/span><\/span><\/td>\n<\/tr>\n<\/tbody>\n<\/table>\n<p><a name=\"_GoBack\"><\/a> <span style=\"color: #ffffff;\">\u00a0 <span style=\"font-family: Roboto, serif;\"><span style=\"font-size: small;\"><b>1. RESPONSABLE<\/b><\/span><\/span><\/span><\/p>\n<p><span style=\"color: #2d2d2d;\">\u00a0<\/span><\/p>\n<p><span style=\"font-family: Roboto, serif;\"><span style=\"font-size: small;\"><b>\u00bfPor qu\u00e9 nos importa la protecci\u00f3n de sus datos personales?<\/b><\/span><\/span><\/p>\n<p><span style=\"color: #2d2d2d;\"><span style=\"font-family: Roboto, serif;\"><span style=\"font-size: small;\">Para COMATRASA, la privacidad de los datos personales de sus clientes y dem\u00e1s personas interesadas en sus servicios como concesionario y taller de veh\u00edculos, es fundamental y muy importante y por eso, nuestro compromiso es que la protecci\u00f3n de datos y la seguridad de la informaci\u00f3n sean un aspecto destacable que contribuya a mejorar a\u00fan m\u00e1s la atenci\u00f3n y los servicios prestados a nuestros clientes. Para nuestra Empresa, es vital ofrecer servicios de la mayor calidad y para eso, es muy importante la confianza depositada por nuestros clientes, solicitantes de informaci\u00f3n, etc, y para conseguir un mayor grado de satisfacci\u00f3n y confianza, COMATRASA tiene implantado un sistema de gesti\u00f3n de protecci\u00f3n de datos para facilitar e incluso aumentar las garant\u00edas en el cumplimiento de la legislaci\u00f3n vigente en esta materia, un sistema que permite trabajar siempre buscando la mejora continua.<br \/>\nSe informa que debe contestar a las preguntas planteadas con datos exactos, verdaderos y completos. En el caso de no realizarlo o de no comunicar datos necesarios para la prestaci\u00f3n del servicio, COMATRASA no podr\u00e1 realizarlo. Asimismo, los clientes ser\u00e1n los \u00fanicos responsables de cualquier da\u00f1o o perjuicio, directo o indirecto, que pudiera ocasionar a COMATRASA, o a cualquier tercero como consecuencia de proporcionar datos falsos o inexactos.<br \/>\nLas categor\u00edas de datos que se tratan son:<br \/>\n\u2013 Datos de identificaci\u00f3n<br \/>\n\u2013 Informaci\u00f3n financiera<br \/>\n\u2013 Informaci\u00f3n bancaria<br \/>\n\u2013 Datos de cuentas bancarias.<br \/>\n\u2013 Datos necesarios para la gesti\u00f3n de los servicios prestados por COMATRASA.<\/span><\/span><\/span><\/p>\n<p><span style=\"color: #2d2d2d;\">\u00a0<\/span><\/p>\n<p><span style=\"font-family: Roboto, serif;\"><span style=\"font-size: small;\"><b>\u00bfCon qu\u00e9 finalidad se van a tratar los datos personales?<\/b><\/span><\/span><\/p>\n<p><span style=\"color: #2d2d2d;\"><span style=\"font-family: Roboto, serif;\"><span style=\"font-size: small;\">COMATRASA trata la informaci\u00f3n que se le facilita a trav\u00e9s del contrato de datos personales que se entrega junto con el presente documento, con el fin de gestionar los procesos de contrataci\u00f3n de los servicios ofrecidos por COMATRASA.<\/span><\/span><\/span><\/p>\n<p><span style=\"color: #ffffff;\">\u00a0 <span style=\"font-family: Roboto, serif;\"><span style=\"font-size: small;\"><b>\u00bfPor cu\u00e1nto tiempo conservaremos sus datos?<\/b><\/span><\/span><\/span><\/p>\n<p><span style=\"color: #2d2d2d;\"><span style=\"font-family: Roboto, serif;\"><span style=\"font-size: small;\">Los datos personales proporcionados se conservar\u00e1n durante toda la vigencia y permanencia de la relaci\u00f3n mercantil que el interesado mantenga con COMATRASA y mientras no se solicite su supresi\u00f3n. No obstante, en cualquier caso, sin perjuicio de los plazos legalmente establecidos por las distintas leyes y normativa que puedan resultar de aplicaci\u00f3n en el marco del ordenamiento jur\u00eddico espa\u00f1ol.<\/span><\/span><\/span><\/p>\n<p><span style=\"color: #2d2d2d;\">\u00a0<\/span><\/p>\n<p><span style=\"font-family: Roboto, serif;\"><span style=\"font-size: small;\"><b>\u00bfCu\u00e1l es la base que nos legitima para tratar sus datos personales?<\/b><\/span><\/span><\/p>\n<p><span style=\"color: #2d2d2d;\"><span style=\"font-family: Roboto, serif;\"><span style=\"font-size: small;\">El tratamiento que COMATRASA lleva a cabo de sus datos personales, se encuentra basado en su consentimiento, mediante la selecci\u00f3n de la casilla incluida en el contrato junto con la tabla de informaci\u00f3n b\u00e1sica sobre el tratamiento de datos personales. No obstante, en el supuesto del consentimiento para el tratamiento de sus datos personales con la finalidad de cumplimentar y firmar el contrato celebrado entre ambas partes, este ser\u00e1 absolutamente necesario para poder disfrutar de los servicios ofrecidos y contratados por usted con COMATRASA.<br \/>\nLa base legal para el tratamiento de sus datos personales es la correcta ejecuci\u00f3n de los servicios prestados por COMATRASA consistentes en la prestaci\u00f3n de los servicios contratados, el seguimiento, control y gesti\u00f3n de las actividades y eventos en el margen de su actividad. Las informaciones comerciales sobre actividades o servicios est\u00e1n basadas en el consentimiento que ha prestado, sin que en ning\u00fan caso la retirada de este consentimiento condicione la ejecuci\u00f3n de los servicios principales. COMATRASA, solicita su consentimiento para tratar sus datos personales con el fin de enviarle informaci\u00f3n comercial sobre los servicios ofrecidos por COMATRASA que puedan resultar de su inter\u00e9s.<\/span><\/span><\/span><\/p>\n<p><span style=\"color: #2d2d2d;\">\u00a0<\/span><\/p>\n<p><span style=\"font-family: Roboto, serif;\"><span style=\"font-size: small;\"><b>\u00bfA qu\u00e9 destinatarios se comunicar\u00e1n sus datos?<\/b><\/span><\/span><\/p>\n<p><span style=\"color: #2d2d2d;\"><span style=\"font-family: Roboto, serif;\"><span style=\"font-size: small;\">COMATRASA, no ceder\u00e1 a terceros los datos de titular sin su consentimiento expreso. Nos presta su consentimiento expreso para las cesiones a:<\/span><\/span><\/span><\/p>\n<ul>\n<li><span style=\"color: #2d2d2d;\"><span style=\"font-family: Roboto, serif;\"><span style=\"font-size: small;\">Administraciones y Organismos p\u00fablicos.<\/span><\/span><\/span><\/li>\n<li><span style=\"color: #2d2d2d;\"><span style=\"font-family: Roboto, serif;\"><span style=\"font-size: small;\">Agencia Tributaria.<\/span><\/span><\/span><\/li>\n<li><span style=\"color: #2d2d2d;\"><span style=\"font-family: Roboto, serif;\"><span style=\"font-size: small;\">MAN Truck &amp; BUS S.A.U., MAN Truck &amp; Bus A.G.<\/span><\/span><\/span><\/li>\n<\/ul>\n<p><span style=\"color: #2d2d2d;\">\u00a0<\/span><\/p>\n<p><span style=\"font-family: Roboto, serif;\"><span style=\"font-size: small;\"><b>\u00bfCu\u00e1les son sus derechos cuando nos facilita sus datos?<\/b><\/span><\/span><\/p>\n<p><span style=\"color: #2d2d2d;\"><span style=\"font-family: Roboto, serif;\"><span style=\"font-size: small;\">Las personas interesadas tienen derecho a acceder a sus datos personales, as\u00ed como a solicitar la rectificaci\u00f3n de los datos inexactos o imprecisos, o, en su caso, a solicitar su supresi\u00f3n cuando, entro otros motivos, los datos ya no sean necesarios para los fines para los que fueron recogidos.<br \/>\nPor motivos relacionados con su situaci\u00f3n particular, los interesados podr\u00e1n solicitar la limitaci\u00f3n del tratamiento de sus datos, en cuyo caso \u00fanicamente los conservaremos para el ejercicio o la defensa de eventuales reclamaciones. De igual modo, los interesados podr\u00e1n solicitar la oposici\u00f3n al tratamiento de sus datos, en cuyo caso, COMATRASA dejar\u00e1 de tratar la informaci\u00f3n, salvo que fuera necesario por motivos leg\u00edtimos imperiosos, o el ejercicio o la defensa de posibles reclamaciones.<br \/>\nLos interesados tambi\u00e9n podr\u00e1n solicitar su derecho a la portabilidad de sus datos personales en un formato estructurado, de uso com\u00fan y lectura mec\u00e1nica, y a transmitirlos a otro responsable del tratamiento sin que lo impida el responsable al que se los hubiera facilitado.<br \/>\nPodr\u00e1n ejercer dichos derechos mediante petici\u00f3n escrita dirigida a la direcci\u00f3n postal sita en C\/ Erat\u00f3stenes, 13, Getafe (28906) \u2013 Madrid, o bien, enviando un correo electr\u00f3nico a comatra@comatrasa.es, adjuntando una copia de tu DNI u otro documento que acredite tu identidad, e indicando claramente el derecho que quieres ejercer.<br \/>\nEn cumplimiento, de la Ley 34\/2002 sobre servicios de la Sociedad de la Informaci\u00f3n y de Comercio Electr\u00f3nico, le comunicamos que dispone de la posibilidad de hacer uso de su direcci\u00f3n de correo electr\u00f3nico, o n\u00famero de m\u00f3vil para el env\u00edo de SMS o servicios de Mensajer\u00eda Instant\u00e1nea (Ej. WhatsApp, Line o similares) con el fin de remitirle informaci\u00f3n sobre horarios de citas comerciales o citas de taller y cualquier otra informaci\u00f3n relativa a los servicios prestados por COMATRASA, siempre relacionados con la actividad de la Empresa. Los clientes prestan su consentimiento expreso a tales efectos. Le informamos que podr\u00e1 revocar dicho consentimiento en cualquier momento, envi\u00e1ndonos un correo electr\u00f3nico o postal a la direcci\u00f3n arriba indicada.<\/span><\/span><\/span><\/p>\n<p><span style=\"color: #2d2d2d;\">\u00a0<\/span><\/p>\n<p><span style=\"font-family: Roboto, serif;\"><span style=\"font-size: small;\"><b>\u00bfC\u00f3mo hemos obtenido sus datos personales?<\/b><\/span><\/span><\/p>\n<p><span style=\"color: #2d2d2d;\"><span style=\"font-family: Roboto, serif;\"><span style=\"font-size: small;\">Los datos personales que tratamos en COMATRASA proceden del propio interesado.<br \/>\nDe igual forma que usted nos ha facilitado su consentimiento para tratar datos personales, usted podr\u00e1 revocar su consentimiento en cualquier momento.<br \/>\nUsted tendr\u00e1 asimismo, el derecho a presentar una reclamaci\u00f3n ante una autoridad de control como es la Agencia Espa\u00f1ola de Protecci\u00f3n de Datos, por un tratamiento il\u00edcito relativo a sus datos personales.<\/span><\/span><\/span><\/p>\n","protected":false},"excerpt":{"rendered":"<p>&nbsp; RESPONSABLE DE SUS DATOS Identidad COMERCIAL MADRILE\u00d1A VEH\u00cdCULOS TRANSPORTE S.A. con CIF A-78301892 (en adelante COMATRASA) Contacto Calle Erat\u00f3stenes, 13, Getafe (28906) Madrid, Tel.: 916968811, comatra@comatrasa.es Finalidad Gesti\u00f3n propia de la empresa que incluye las siguientes finalidades: Gesti\u00f3n administrativa, gesti\u00f3n fiscal y contable, prestaci\u00f3n de servicios, relaci\u00f3n contractual con los clientes, gesti\u00f3n comercial as\u00ed&#8230;  <a class=\"excerpt-read-more\" href=\"https:\/\/red.maniberia.net\/comatrasa-azuqueca\/aviso-legal\/\" title=\"Read: Aviso legal\">Read More<\/a><\/p>\n","protected":false},"author":1,"featured_media":0,"parent":0,"menu_order":0,"comment_status":"closed","ping_status":"closed","template":"","meta":[],"aioseo_notices":[],"_links":{"self":[{"href":"https:\/\/red.maniberia.net\/comatrasa-azuqueca\/wp-json\/wp\/v2\/pages\/116"}],"collection":[{"href":"https:\/\/red.maniberia.net\/comatrasa-azuqueca\/wp-json\/wp\/v2\/pages"}],"about":[{"href":"https:\/\/red.maniberia.net\/comatrasa-azuqueca\/wp-json\/wp\/v2\/types\/page"}],"author":[{"embeddable":true,"href":"https:\/\/red.maniberia.net\/comatrasa-azuqueca\/wp-json\/wp\/v2\/users\/1"}],"replies":[{"embeddable":true,"href":"https:\/\/red.maniberia.net\/comatrasa-azuqueca\/wp-json\/wp\/v2\/comments?post=116"}],"version-history":[{"count":1,"href":"https:\/\/red.maniberia.net\/comatrasa-azuqueca\/wp-json\/wp\/v2\/pages\/116\/revisions"}],"predecessor-version":[{"id":117,"href":"https:\/\/red.maniberia.net\/comatrasa-azuqueca\/wp-json\/wp\/v2\/pages\/116\/revisions\/117"}],"wp:attachment":[{"href":"https:\/\/red.maniberia.net\/comatrasa-azuqueca\/wp-json\/wp\/v2\/media?parent=116"}],"curies":[{"name":"wp","href":"https:\/\/api.w.org\/{rel}","templated":true}]}}