{"id":4,"date":"2020-05-12T10:29:15","date_gmt":"2020-05-12T10:29:15","guid":{"rendered":"https:\/\/red.maniberia.net\/boadella-laldea\/home\/"},"modified":"2020-05-13T10:31:06","modified_gmt":"2020-05-13T10:31:06","slug":"home","status":"publish","type":"page","link":"https:\/\/red.maniberia.net\/boadella-laldea\/","title":{"rendered":"Distribucions Boadella S.L.U."},"content":{"rendered":"<p>MAN Truck &amp; Bus es uno de los fabricantes de veh\u00edculos industriales y de los proveedores de soluciones para el transporte l\u00edderes del sector en Europa. La satisfacci\u00f3n de nuestros clientes es fundamental para nosotros, por eso trabajamos desde la excelencia para ser su mejor socio y aportar la soluciones adecuadas a sus necesidades, tanto desde la venta como desde la postventa. Ofertas integrales y a medida de su negocio. Ponemos a su disposici\u00f3n a nuestro profesional equipo, que est\u00e1 en continua formaci\u00f3n. Los mejores asesores en soluciones de transporte.<\/p>\n<p><strong>Boadella L\u2019Aldea<\/strong> es su MAN Truck &amp; Bus Service en las tierras del Ebro. Ubicado en L\u2019Aldea en la carretera Nacional 340a junto a la entrada por el norte de la poblaci\u00f3n.<\/p>\n<h2>Otros Center y Service de Distribucions Boadella<\/h2>\n<p><a href=\"https:\/\/red.maniberia.net\/boadella-tarragona\/\">Distribucions Boadella (Tarragona)<\/a><\/p>\n<p><a href=\"https:\/\/red.maniberia.net\/boadella-lleida\/\">Distribucions Boadella (Lleida)<\/a><\/p>\n<p><a href=\"https:\/\/red.maniberia.net\/boadella-girona\/\">Distribucions Boadella (Girona)<\/a><\/p>\n<p><a href=\"https:\/\/red.maniberia.net\/boadella-figueres\/\">Distribucions Boadella (Figueres)<\/a><\/p>\n","protected":false},"excerpt":{"rendered":"<p>MAN Truck &amp; Bus es uno de los fabricantes de veh\u00edculos industriales y de los proveedores de soluciones para el transporte l\u00edderes del sector en Europa. La satisfacci\u00f3n de nuestros clientes es fundamental para nosotros, por eso trabajamos desde la excelencia para ser su mejor socio y aportar la soluciones adecuadas a sus necesidades, tanto&#8230;  <a class=\"excerpt-read-more\" href=\"https:\/\/red.maniberia.net\/boadella-laldea\/\" title=\"Read: Distribucions Boadella S.L.U.\">Read More<\/a><\/p>\n","protected":false},"author":1,"featured_media":0,"parent":0,"menu_order":0,"comment_status":"closed","ping_status":"closed","template":"page-home.php","meta":[],"aioseo_notices":[],"_links":{"self":[{"href":"https:\/\/red.maniberia.net\/boadella-laldea\/wp-json\/wp\/v2\/pages\/4"}],"collection":[{"href":"https:\/\/red.maniberia.net\/boadella-laldea\/wp-json\/wp\/v2\/pages"}],"about":[{"href":"https:\/\/red.maniberia.net\/boadella-laldea\/wp-json\/wp\/v2\/types\/page"}],"author":[{"embeddable":true,"href":"https:\/\/red.maniberia.net\/boadella-laldea\/wp-json\/wp\/v2\/users\/1"}],"replies":[{"embeddable":true,"href":"https:\/\/red.maniberia.net\/boadella-laldea\/wp-json\/wp\/v2\/comments?post=4"}],"version-history":[{"count":3,"href":"https:\/\/red.maniberia.net\/boadella-laldea\/wp-json\/wp\/v2\/pages\/4\/revisions"}],"predecessor-version":[{"id":98,"href":"https:\/\/red.maniberia.net\/boadella-laldea\/wp-json\/wp\/v2\/pages\/4\/revisions\/98"}],"wp:attachment":[{"href":"https:\/\/red.maniberia.net\/boadella-laldea\/wp-json\/wp\/v2\/media?parent=4"}],"curies":[{"name":"wp","href":"https:\/\/api.w.org\/{rel}","templated":true}]}}