{"id":137,"date":"2020-02-20T16:05:14","date_gmt":"2020-02-20T16:05:14","guid":{"rendered":"https:\/\/red.maniberia.net\/autodiesel-irurzun\/?page_id=137"},"modified":"2020-02-20T16:05:14","modified_gmt":"2020-02-20T16:05:14","slug":"aviso-legal","status":"publish","type":"page","link":"https:\/\/red.maniberia.net\/autodiesel-irurzun\/aviso-legal\/","title":{"rendered":"Aviso legal"},"content":{"rendered":"<p><strong>AUTODIESEL DE IRURZUN, S<br \/>\nPI AKABORRO O<\/strong><br \/>\n31860 IRURZUN<\/p>\n<p><strong>RESPONSABLE: <\/strong><strong>Autodiesel de Irurzun, S.L., pol. ind. akaborro c\/b n\u00b01 31860 Irurzun (Navarra) Nif. B31075476, Telf. <\/strong><strong>948500002, <\/strong><a href=\"mailto:administracion@autodieseldeirurzun.com\"><strong>administracion@autodieseldeirurzun.com<\/strong><\/a><\/p>\n<p><strong>FINALIDAD: <\/strong>El tratamiento de sus datos se realiza con el objetivo de prestar el servicio de asistencia t\u00e9cnica y mec\u00e1nica, lo que incluye una serie de actividades de tratamiento que pueden resumirse en las siguientes:<\/p>\n<ol>\n<li>Prestaci\u00f3n del servicio de asistencia t\u00e9cnica y mec\u00e1nica-legitimaci\u00f3n: ejecuci\u00f3n de la relaci\u00f3n contractual.<\/li>\n<li>Informarle de cualquier incidencia t\u00e9cnica o defecto de f\u00e1brica que pudiera afectar a su veh\u00edculo MAN-\u00adlegitimaci\u00f3n: inter\u00e9s leg\u00edtimo<\/li>\n<li>Realizaci\u00f3n de encuestas de satisfacci\u00f3n.<\/li>\n<\/ol>\n<ul>\n<li>Doy mi consentimiento para la realizaci\u00f3n de encuestas de satisfacci\u00f3n.<\/li>\n<\/ul>\n<ol start=\"4\">\n<li>Remitirle informaci\u00f3n sobre descuentos y promociones del taller y de MAN-para ello solicitamos su consentimiento expreso:<\/li>\n<\/ol>\n<ul>\n<li>Doy mi consentimiento para el env\u00edo de comunicaciones comerciales.<\/li>\n<\/ul>\n<p>No obstante puede oponerse al env\u00edo de estas comunicaciones comerciales enviando un correo electr\u00f3nico a la direcci\u00f3n <a href=\"mailto:administracion@autodieseldeirurzun.com\">administracion@autodieseldeirurzun.com<\/a> con el asunto \u00abBaja Publicidad\u00bb. Asimismo en cada comunicaci\u00f3n comercial le informaremos nuevamente de la posibilidad de oponerse.<\/p>\n<p><strong>LEGITIMACI\u00d3N: <\/strong>Para las finalidades expuestas en el apartado anterior se trata el conjunto de datos proporcionados de forma directa por el cliente, tanto en el momento de la firma de la orden de taller como a lo largo de la prestaci\u00f3n del servicio. El cliente se responsabilidad de su veracidad y se compromete a <strong>mantenerlos <\/strong>devidamente actualizados.<\/p>\n<p><strong>DESTINATARIO: <\/strong>En virtud de lo anterior, a continuaci\u00f3n se detallan las comunicaciones previstas y la base legitimadora que la ampara:<\/p>\n<p><strong>MAN TRUCK &amp; BUS AG: <\/strong>Datos de car\u00e1cter identificativo y de contacto y aquellos que p\u00fadieran haber motivado el servicio de asistencia t\u00e9cnica y mec\u00e1nica (p.ej. kilometraje, tipo de uso del veh\u00edculo)c con la finalidad de atender adecuadamente, en su caso, a las garant\u00edas y responsabilidades del veh\u00edculo indicado y de los productos y servicios que suministra de inter\u00e9s leg\u00edtimo<\/p>\n<p><strong>MAN TRUCK &amp; BUS IBERIA, S.A. Unip: <\/strong>Datos de car\u00e1cter identificativo y de contacto y aquellos que pudieran haber motivado \u00e9l servicio de asistencia t\u00e9cnica y mec\u00e1nica (p.ej. kilometraje, tipo de uso del veh\u00edculo), para atender adecuadamente, en su caso, a las garant\u00edas y responsabilidades del veh\u00edculo indicado y de los productos y servicios que suministra de inter\u00e9s leg\u00edtimo y para_remitir informaci\u00f3n comercial sobre productos y servicios similares a los contratos y realizar encuestas de satisfacci\u00f3n sobre la atenci\u00f3n prestada en el taller oficial de MAN Realizar encuestas de consentimiento espec\u00edfico.<\/p>\n<p><strong>RED OFICIAL Y SERVICIOS OFICIALES POSTVENTA: <\/strong>Datos de car\u00e1cter identificativo y de contacto y aquellos que pudieran haber motivado el servicio de asistencia t\u00e9cnica y mec\u00e1nica (p.ej. kilometraje, tipo de uso del veh\u00edculo) para conocer el hist\u00f3rico de reparaciones y asistencias del veh\u00edculo de inter\u00e9s leg\u00edtimo.<\/p>\n<p><strong>CONSERVACI\u00d3N: <\/strong>Los datos personales ser\u00e1n conservados por un plazo de 10 a\u00f1os desde el \u00faltimo servicio de asistencia t\u00e9cnica.<\/p>\n<p><strong>DERECHOS: <\/strong>Nuestra normativa de protecci\u00f3n de datos le confiere una serie de derechos que en cualquier momento podr\u00e1 ejercer, su derecho a acceso, rectificaci\u00f3n, portabilidad,a la limitaci\u00f3n del tratamiento en los casos recogidos en la ley, supresi\u00f3n, oposici\u00f3n, a revocar el consentimiento prestado e interponer una reclamaci\u00f3n frente a la autoridad de control (AEPD) dirigi\u00e9ndose por escrito a AUTODIESEL DE IRURZUN, S.L., adjuntando fotocopia de su DNI, en la siguiente direcci\u00f3n: PI AKABORRO O IRURZUN, .<\/p>\n<p><strong>FERMIN ZUBIETA<\/strong><\/p>\n<p><strong>Telf. 948500002, <\/strong><a href=\"mailto:administracion@autodieseldeirurzun.com\"><strong>administracion@autodieseldeirurzun.com<\/strong><\/a><\/p>\n","protected":false},"excerpt":{"rendered":"<p>AUTODIESEL DE IRURZUN, S PI AKABORRO O 31860 IRURZUN RESPONSABLE: Autodiesel de Irurzun, S.L., pol. ind. akaborro c\/b n\u00b01 31860 Irurzun (Navarra) Nif. B31075476, Telf. 948500002, administracion@autodieseldeirurzun.com FINALIDAD: El tratamiento de sus datos se realiza con el objetivo de prestar el servicio de asistencia t\u00e9cnica y mec\u00e1nica, lo que incluye una serie de actividades de&#8230;  <a class=\"excerpt-read-more\" href=\"https:\/\/red.maniberia.net\/autodiesel-irurzun\/aviso-legal\/\" title=\"Read: Aviso legal\">Read More<\/a><\/p>\n","protected":false},"author":1,"featured_media":0,"parent":0,"menu_order":0,"comment_status":"closed","ping_status":"closed","template":"","meta":[],"aioseo_notices":[],"_links":{"self":[{"href":"https:\/\/red.maniberia.net\/autodiesel-irurzun\/wp-json\/wp\/v2\/pages\/137"}],"collection":[{"href":"https:\/\/red.maniberia.net\/autodiesel-irurzun\/wp-json\/wp\/v2\/pages"}],"about":[{"href":"https:\/\/red.maniberia.net\/autodiesel-irurzun\/wp-json\/wp\/v2\/types\/page"}],"author":[{"embeddable":true,"href":"https:\/\/red.maniberia.net\/autodiesel-irurzun\/wp-json\/wp\/v2\/users\/1"}],"replies":[{"embeddable":true,"href":"https:\/\/red.maniberia.net\/autodiesel-irurzun\/wp-json\/wp\/v2\/comments?post=137"}],"version-history":[{"count":1,"href":"https:\/\/red.maniberia.net\/autodiesel-irurzun\/wp-json\/wp\/v2\/pages\/137\/revisions"}],"predecessor-version":[{"id":138,"href":"https:\/\/red.maniberia.net\/autodiesel-irurzun\/wp-json\/wp\/v2\/pages\/137\/revisions\/138"}],"wp:attachment":[{"href":"https:\/\/red.maniberia.net\/autodiesel-irurzun\/wp-json\/wp\/v2\/media?parent=137"}],"curies":[{"name":"wp","href":"https:\/\/api.w.org\/{rel}","templated":true}]}}